{"id":23672,"date":"2022-12-08T13:25:40","date_gmt":"2022-12-08T13:25:40","guid":{"rendered":"https:\/\/www.cbti-bkvt.org\/niveaux-dadhesion\/"},"modified":"2025-04-23T07:40:24","modified_gmt":"2025-04-23T07:40:24","slug":"membership-types","status":"publish","type":"page","link":"https:\/\/www.cbti-bkvt.org\/en\/joining-cbti-bkvt\/membership-types\/","title":{"rendered":"Membership types"},"content":{"rendered":"\n<div class=\"wp-block-columns levelsMembers__choice is-layout-flex wp-container-core-columns-is-layout-9d6595d7 wp-block-columns-is-layout-flex\">\n<div class=\"wp-block-column is-layout-flow wp-block-column-is-layout-flow\">\n<h2 class=\"wp-block-heading has-text-align-left\"><span class=\"ez-toc-section\" id=\"Student_member\"><\/span>Student member<span class=\"ez-toc-section-end\"><\/span><\/h2>\n\n\n\n<p class=\"has-text-align-left\"><strong>Final-year Master\u2019s students (free)<\/strong><br>Free after approval of your supporting documents and your application.<\/p>\n\n\n\n<div class=\"wp-block-buttons is-content-justification-left is-layout-flex wp-container-core-buttons-is-layout-fdcfc74e wp-block-buttons-is-layout-flex\">\n<div class=\"wp-block-button is-style-primary\"><a class=\"wp-block-button__link wp-element-button\" href=\"https:\/\/www.cbti-bkvt.org\/en\/sdm_downloads\/en-application-for-membership\/\" target=\"_blank\" rel=\"noreferrer noopener\">Submit my application<\/a><\/div>\n<\/div>\n\n\n\n<div style=\"height:40px\" aria-hidden=\"true\" class=\"wp-block-spacer\"><\/div>\n<\/div>\n\n\n\n<div class=\"wp-block-column is-layout-flow wp-block-column-is-layout-flow\">\n<h2 class=\"wp-block-heading\"><span class=\"ez-toc-section\" id=\"Affiliated_member\"><\/span>Affiliated member<span class=\"ez-toc-section-end\"><\/span><\/h2>\n\n\n\n<p><strong>All professionals<\/strong><br>\u20ac30 administration fee, then \u20ac80 for the first year, and thereafter \u20ac110 per year.<\/p>\n\n\n\n<div class=\"wp-block-buttons is-content-justification-left is-layout-flex wp-container-core-buttons-is-layout-fdcfc74e wp-block-buttons-is-layout-flex\">\n<div class=\"wp-block-button is-style-primary\"><a class=\"wp-block-button__link wp-element-button\" href=\"https:\/\/www.cbti-bkvt.org\/en\/sdm_downloads\/en-application-for-membership\/\" target=\"_blank\" rel=\"noreferrer noopener\">Submit my application<\/a><\/div>\n<\/div>\n\n\n\n<div style=\"height:40px\" aria-hidden=\"true\" class=\"wp-block-spacer\"><\/div>\n<\/div>\n\n\n\n<div class=\"wp-block-column is-layout-flow wp-block-column-is-layout-flow\">\n<h2 class=\"wp-block-heading has-text-align-left\"><span class=\"ez-toc-section\" id=\"Full_member\"><\/span>Full member<span class=\"ez-toc-section-end\"><\/span><\/h2>\n\n\n\n<p class=\"has-text-align-left\"><strong>Qualified or experienced professionals<\/strong><br>\u20ac30 administration fee, then \u20ac190 for the first year, and thereafter \u20ac220 per year.<\/p>\n\n\n\n<div class=\"wp-block-buttons is-content-justification-left is-layout-flex wp-container-core-buttons-is-layout-fdcfc74e wp-block-buttons-is-layout-flex\">\n<div class=\"wp-block-button is-style-primary\"><a class=\"wp-block-button__link wp-element-button\" href=\"https:\/\/www.cbti-bkvt.org\/en\/sdm_downloads\/en-application-for-membership\/\" target=\"_blank\" rel=\"noreferrer noopener\">Submit my application<\/a><\/div>\n<\/div>\n<\/div>\n<\/div>\n\n\n\n<hr class=\"wp-block-separator has-text-color has-nv-c-2-color has-alpha-channel-opacity has-nv-c-2-background-color has-background is-style-wide\"\/>\n\n\n\n<div class=\"wp-block-columns levelsMembers__features is-layout-flex wp-container-core-columns-is-layout-9d6595d7 wp-block-columns-is-layout-flex\">\n<div class=\"wp-block-column is-layout-flow wp-block-column-is-layout-flow\" style=\"flex-basis:45%\">\n<div style=\"height:40px\" aria-hidden=\"true\" class=\"wp-block-spacer\"><\/div>\n\n\n\n<h2 class=\"wp-block-heading\"><span class=\"ez-toc-section\" id=\"Student_and_affiliated_member_benefits\"><\/span>Student and affiliated member benefits<span class=\"ez-toc-section-end\"><\/span><\/h2>\n\n\n\n<ul class=\"wp-block-list\">\n<li>Personal e-mail address @translators.be<\/li>\n\n\n\n<li>Member rates for CBTI\/BKVT continuing professional development courses.<\/li>\n\n\n\n<li>Member rates for professional development courses arranged by the 72 national member associations of the FIT (International Federation of Translators).<\/li>\n\n\n\n<li>Member rates for events organised by the CBTI\/BKVT or FIT associations.<\/li>\n\n\n\n<li>Discounts offered by our partners.<\/li>\n\n\n\n<li>Access to the communication platform.<\/li>\n\n\n\n<li>Mentoring for beginners.<\/li>\n\n\n\n<li>Access to the CBTI\/BKVT\u2019s social and language networks.<\/li>\n\n\n\n<li>Right to take part in and be elected to the sectoral committees.<\/li>\n\n\n\n<li>Access to the library and to documents reserved for members.<\/li>\n\n\n\n<li>Right to attend the AGM.<\/li>\n\n\n\n<li>Access to the Disciplinary Board in the event of a dispute between members.<\/li>\n<\/ul>\n<\/div>\n\n\n\n<div class=\"wp-block-column is-layout-flow wp-block-column-is-layout-flow\" style=\"flex-basis:45%\">\n<div style=\"height:40px\" aria-hidden=\"true\" class=\"wp-block-spacer\"><\/div>\n\n\n\n<h2 class=\"wp-block-heading\"><span class=\"ez-toc-section\" id=\"Full_member_benefits\"><\/span>Full member benefits<span class=\"ez-toc-section-end\"><\/span><\/h2>\n\n\n\n<p><strong>All affiliated member benefits, plus:<\/strong><\/p>\n\n\n\n<ul class=\"wp-block-list\">\n<li>Right to vote at the AGM.<\/li>\n\n\n\n<li>Right to stand as a candidate for the Board.<\/li>\n\n\n\n<li>Access to the Arbitration Committee in the event of a dispute with a client.<\/li>\n\n\n\n<li>Access to the Job Offers section on the communication platform.<\/li>\n\n\n\n<li>Right to be listed in the public members\u2019 directory.<\/li>\n\n\n\n<li>Right to take out professional indemnity insurance at group rates.<\/li>\n\n\n\n<li>Free access to initial legal advice.<\/li>\n<\/ul>\n<\/div>\n<\/div>\n","protected":false},"excerpt":{"rendered":"<p>Student member Final-year Master\u2019s students (free)Free after approval of your supporting documents and your application. Affiliated member All professionals\u20ac30 administration fee, then \u20ac80 for the first year, and thereafter \u20ac110 per year. Full member Qualified or experienced professionals\u20ac30 administration fee, then \u20ac190 for the first year, and thereafter \u20ac220 per year. Student and affiliated member&hellip;&nbsp;<a href=\"https:\/\/www.cbti-bkvt.org\/en\/joining-cbti-bkvt\/membership-types\/\" rel=\"bookmark\">Read More &raquo;<span class=\"screen-reader-text\">Membership types<\/span><\/a><\/p>\n","protected":false},"author":1,"featured_media":0,"parent":23718,"menu_order":0,"comment_status":"closed","ping_status":"closed","template":"page-noSplashNoSidebar.php","meta":{"_acf_changed":false,"pmpro_default_level":"","neve_meta_sidebar":"","neve_meta_container":"","neve_meta_enable_content_width":"","neve_meta_content_width":0,"neve_meta_title_alignment":"","neve_meta_author_avatar":"","neve_post_elements_order":"","neve_meta_disable_header":"","neve_meta_disable_footer":"","neve_meta_disable_title":"","neve_meta_reading_time":"","footnotes":"","_links_to":"","_links_to_target":""},"class_list":["post-23672","page","type-page","status-publish","hentry","pmpro-has-access"],"acf":[],"yoast_head":"<!-- This site is optimized with the Yoast SEO plugin v27.4 - https:\/\/yoast.com\/product\/yoast-seo-wordpress\/ -->\n<title>Chambre Belge des Traducteurs et Interpr\u00e8tes | Belgische Kamer van Vertalers en Tolken<\/title>\n<meta name=\"robots\" content=\"index, follow, max-snippet:-1, max-image-preview:large, max-video-preview:-1\" \/>\n<link rel=\"canonical\" href=\"https:\/\/www.cbti-bkvt.org\/en\/joining-cbti-bkvt\/membership-types\/\" \/>\n<meta property=\"og:locale\" content=\"en_US\" \/>\n<meta property=\"og:type\" content=\"article\" \/>\n<meta property=\"og:title\" content=\"Membership types - Chambre Belge des Traducteurs et Interpr\u00e8tes | Belgische Kamer van Vertalers en Tolken\" \/>\n<meta property=\"og:description\" content=\"Student member Final-year Master\u2019s students (free)Free after approval of your supporting documents and your application. Affiliated member All professionals\u20ac30 administration fee, then \u20ac80 for the first year, and thereafter \u20ac110 per year. Full member Qualified or experienced professionals\u20ac30 administration fee, then \u20ac190 for the first year, and thereafter \u20ac220 per year. Student and affiliated member&hellip;&nbsp;Read More &raquo;Membership types\" \/>\n<meta property=\"og:url\" content=\"https:\/\/www.cbti-bkvt.org\/en\/joining-cbti-bkvt\/membership-types\/\" \/>\n<meta property=\"og:site_name\" content=\"Chambre Belge des Traducteurs et Interpr\u00e8tes | Belgische Kamer van Vertalers en Tolken\" \/>\n<meta property=\"article:modified_time\" content=\"2025-04-23T07:40:24+00:00\" \/>\n<meta name=\"twitter:card\" content=\"summary_large_image\" \/>\n<meta name=\"twitter:label1\" content=\"Est. reading time\" \/>\n\t<meta name=\"twitter:data1\" content=\"2 minutes\" \/>\n<script type=\"application\/ld+json\" class=\"yoast-schema-graph\">{\"@context\":\"https:\\\/\\\/schema.org\",\"@graph\":[{\"@type\":\"WebPage\",\"@id\":\"https:\\\/\\\/www.cbti-bkvt.org\\\/en\\\/joining-cbti-bkvt\\\/membership-types\\\/\",\"url\":\"https:\\\/\\\/www.cbti-bkvt.org\\\/en\\\/joining-cbti-bkvt\\\/membership-types\\\/\",\"name\":\"Membership types - Chambre Belge des Traducteurs et Interpr\u00e8tes | Belgische Kamer van Vertalers en Tolken\",\"isPartOf\":{\"@id\":\"https:\\\/\\\/www.cbti-bkvt.org\\\/en\\\/#website\"},\"datePublished\":\"2022-12-08T13:25:40+00:00\",\"dateModified\":\"2025-04-23T07:40:24+00:00\",\"breadcrumb\":{\"@id\":\"https:\\\/\\\/www.cbti-bkvt.org\\\/en\\\/joining-cbti-bkvt\\\/membership-types\\\/#breadcrumb\"},\"inLanguage\":\"en-US\",\"potentialAction\":[{\"@type\":\"ReadAction\",\"target\":[\"https:\\\/\\\/www.cbti-bkvt.org\\\/en\\\/joining-cbti-bkvt\\\/membership-types\\\/\"]}]},{\"@type\":\"BreadcrumbList\",\"@id\":\"https:\\\/\\\/www.cbti-bkvt.org\\\/en\\\/joining-cbti-bkvt\\\/membership-types\\\/#breadcrumb\",\"itemListElement\":[{\"@type\":\"ListItem\",\"position\":1,\"name\":\"Home\",\"item\":\"https:\\\/\\\/www.cbti-bkvt.org\\\/en\\\/\"},{\"@type\":\"ListItem\",\"position\":2,\"name\":\"Joining the CBTI\\\/BKVT\",\"item\":\"https:\\\/\\\/www.cbti-bkvt.org\\\/en\\\/joining-cbti-bkvt\\\/\"},{\"@type\":\"ListItem\",\"position\":3,\"name\":\"Membership types\"}]},{\"@type\":\"WebSite\",\"@id\":\"https:\\\/\\\/www.cbti-bkvt.org\\\/en\\\/#website\",\"url\":\"https:\\\/\\\/www.cbti-bkvt.org\\\/en\\\/\",\"name\":\"Chambre Belge des Traducteurs et Interpr\u00e8tes | Belgische Kamer van Vertalers en Tolken\",\"description\":\"M\u00e9tiers de la traduction \u00e9crite, l\u2019interpr\u00e9tation de conf\u00e9rence, la traduction et l\u2019interpr\u00e9tation en milieu judiciaire.\",\"potentialAction\":[{\"@type\":\"SearchAction\",\"target\":{\"@type\":\"EntryPoint\",\"urlTemplate\":\"https:\\\/\\\/www.cbti-bkvt.org\\\/en\\\/?s={search_term_string}\"},\"query-input\":{\"@type\":\"PropertyValueSpecification\",\"valueRequired\":true,\"valueName\":\"search_term_string\"}}],\"inLanguage\":\"en-US\"}]}<\/script>\n<!-- \/ Yoast SEO plugin. -->","yoast_head_json":{"title":"Chambre Belge des Traducteurs et Interpr\u00e8tes | Belgische Kamer van Vertalers en Tolken","robots":{"index":"index","follow":"follow","max-snippet":"max-snippet:-1","max-image-preview":"max-image-preview:large","max-video-preview":"max-video-preview:-1"},"canonical":"https:\/\/www.cbti-bkvt.org\/en\/joining-cbti-bkvt\/membership-types\/","og_locale":"en_US","og_type":"article","og_title":"Membership types - Chambre Belge des Traducteurs et Interpr\u00e8tes | Belgische Kamer van Vertalers en Tolken","og_description":"Student member Final-year Master\u2019s students (free)Free after approval of your supporting documents and your application. Affiliated member All professionals\u20ac30 administration fee, then \u20ac80 for the first year, and thereafter \u20ac110 per year. Full member Qualified or experienced professionals\u20ac30 administration fee, then \u20ac190 for the first year, and thereafter \u20ac220 per year. Student and affiliated member&hellip;&nbsp;Read More &raquo;Membership types","og_url":"https:\/\/www.cbti-bkvt.org\/en\/joining-cbti-bkvt\/membership-types\/","og_site_name":"Chambre Belge des Traducteurs et Interpr\u00e8tes | Belgische Kamer van Vertalers en Tolken","article_modified_time":"2025-04-23T07:40:24+00:00","twitter_card":"summary_large_image","twitter_misc":{"Est. reading time":"2 minutes"},"schema":{"@context":"https:\/\/schema.org","@graph":[{"@type":"WebPage","@id":"https:\/\/www.cbti-bkvt.org\/en\/joining-cbti-bkvt\/membership-types\/","url":"https:\/\/www.cbti-bkvt.org\/en\/joining-cbti-bkvt\/membership-types\/","name":"Membership types - Chambre Belge des Traducteurs et Interpr\u00e8tes | Belgische Kamer van Vertalers en Tolken","isPartOf":{"@id":"https:\/\/www.cbti-bkvt.org\/en\/#website"},"datePublished":"2022-12-08T13:25:40+00:00","dateModified":"2025-04-23T07:40:24+00:00","breadcrumb":{"@id":"https:\/\/www.cbti-bkvt.org\/en\/joining-cbti-bkvt\/membership-types\/#breadcrumb"},"inLanguage":"en-US","potentialAction":[{"@type":"ReadAction","target":["https:\/\/www.cbti-bkvt.org\/en\/joining-cbti-bkvt\/membership-types\/"]}]},{"@type":"BreadcrumbList","@id":"https:\/\/www.cbti-bkvt.org\/en\/joining-cbti-bkvt\/membership-types\/#breadcrumb","itemListElement":[{"@type":"ListItem","position":1,"name":"Home","item":"https:\/\/www.cbti-bkvt.org\/en\/"},{"@type":"ListItem","position":2,"name":"Joining the CBTI\/BKVT","item":"https:\/\/www.cbti-bkvt.org\/en\/joining-cbti-bkvt\/"},{"@type":"ListItem","position":3,"name":"Membership types"}]},{"@type":"WebSite","@id":"https:\/\/www.cbti-bkvt.org\/en\/#website","url":"https:\/\/www.cbti-bkvt.org\/en\/","name":"Chambre Belge des Traducteurs et Interpr\u00e8tes | Belgische Kamer van Vertalers en Tolken","description":"M\u00e9tiers de la traduction \u00e9crite, l\u2019interpr\u00e9tation de conf\u00e9rence, la traduction et l\u2019interpr\u00e9tation en milieu judiciaire.","potentialAction":[{"@type":"SearchAction","target":{"@type":"EntryPoint","urlTemplate":"https:\/\/www.cbti-bkvt.org\/en\/?s={search_term_string}"},"query-input":{"@type":"PropertyValueSpecification","valueRequired":true,"valueName":"search_term_string"}}],"inLanguage":"en-US"}]}},"_links":{"self":[{"href":"https:\/\/www.cbti-bkvt.org\/en\/wp-json\/wp\/v2\/pages\/23672","targetHints":{"allow":["GET"]}}],"collection":[{"href":"https:\/\/www.cbti-bkvt.org\/en\/wp-json\/wp\/v2\/pages"}],"about":[{"href":"https:\/\/www.cbti-bkvt.org\/en\/wp-json\/wp\/v2\/types\/page"}],"author":[{"embeddable":true,"href":"https:\/\/www.cbti-bkvt.org\/en\/wp-json\/wp\/v2\/users\/1"}],"replies":[{"embeddable":true,"href":"https:\/\/www.cbti-bkvt.org\/en\/wp-json\/wp\/v2\/comments?post=23672"}],"version-history":[{"count":1,"href":"https:\/\/www.cbti-bkvt.org\/en\/wp-json\/wp\/v2\/pages\/23672\/revisions"}],"predecessor-version":[{"id":32461,"href":"https:\/\/www.cbti-bkvt.org\/en\/wp-json\/wp\/v2\/pages\/23672\/revisions\/32461"}],"up":[{"embeddable":true,"href":"https:\/\/www.cbti-bkvt.org\/en\/wp-json\/wp\/v2\/pages\/23718"}],"wp:attachment":[{"href":"https:\/\/www.cbti-bkvt.org\/en\/wp-json\/wp\/v2\/media?parent=23672"}],"curies":[{"name":"wp","href":"https:\/\/api.w.org\/{rel}","templated":true}]}}