{"id":23722,"date":"2022-03-10T15:37:27","date_gmt":"2022-03-10T14:37:27","guid":{"rendered":"https:\/\/www.cbti-bkvt.org\/contact\/"},"modified":"2026-04-03T09:53:52","modified_gmt":"2026-04-03T07:53:52","slug":"contact","status":"publish","type":"page","link":"https:\/\/www.cbti-bkvt.org\/en\/contact\/","title":{"rendered":"Contact"},"content":{"rendered":"\n<div class=\"wp-block-buttons is-content-justification-center is-layout-flex wp-container-core-buttons-is-layout-16018d1d wp-block-buttons-is-layout-flex\">\n<div class=\"wp-block-button is-style-primary\"><a class=\"wp-block-button__link has-neve-link-color-background-color has-background wp-element-button\" href=\"https:\/\/www.cbti-bkvt.org\/en\/joining-cbti-bkvt\/\" style=\"border-width:20px\">Joining the CBTI\/BKVT<\/a><\/div>\n<\/div>\n\n\n\n<div class=\"wp-block-columns is-layout-flex wp-container-core-columns-is-layout-9d6595d7 wp-block-columns-is-layout-flex\">\n<div class=\"wp-block-column is-layout-flow wp-block-column-is-layout-flow\" style=\"flex-basis:66.66%\">\n<h2 class=\"wp-block-heading\"><span class=\"ez-toc-section\" id=\"Contact_us\"><\/span>Contact us<span class=\"ez-toc-section-end\"><\/span><\/h2>\n\n\n\n<div class=\"wpcf7 no-js\" id=\"wpcf7-f27910-o1\" lang=\"fr-FR\" dir=\"ltr\" data-wpcf7-id=\"27910\">\n<div class=\"screen-reader-response\"><p role=\"status\" aria-live=\"polite\" aria-atomic=\"true\"><\/p> <ul><\/ul><\/div>\n<form action=\"\/en\/wp-json\/wp\/v2\/pages\/23722#wpcf7-f27910-o1\" method=\"post\" class=\"wpcf7-form init\" aria-label=\"Formulaire de contact\" novalidate=\"novalidate\" data-status=\"init\">\n<fieldset class=\"hidden-fields-container\"><input type=\"hidden\" name=\"_wpcf7\" value=\"27910\" \/><input type=\"hidden\" name=\"_wpcf7_version\" value=\"6.1.5\" \/><input type=\"hidden\" name=\"_wpcf7_locale\" value=\"fr_FR\" \/><input type=\"hidden\" name=\"_wpcf7_unit_tag\" value=\"wpcf7-f27910-o1\" \/><input type=\"hidden\" name=\"_wpcf7_container_post\" value=\"0\" \/><input type=\"hidden\" name=\"_wpcf7_posted_data_hash\" value=\"\" \/><input type=\"hidden\" name=\"_wpcf7_recaptcha_response\" value=\"\" \/>\n<\/fieldset>\n<p><label> Your name<br \/>\n<span class=\"wpcf7-form-control-wrap\" data-name=\"your-name\"><input size=\"40\" maxlength=\"400\" class=\"wpcf7-form-control wpcf7-text wpcf7-validates-as-required\" autocomplete=\"name\" aria-required=\"true\" aria-invalid=\"false\" value=\"\" type=\"text\" name=\"your-name\" \/><\/span> <\/label>\n<\/p>\n<p><label> Your email<br \/>\n<span class=\"wpcf7-form-control-wrap\" data-name=\"your-email\"><input size=\"40\" maxlength=\"400\" class=\"wpcf7-form-control wpcf7-email wpcf7-validates-as-required wpcf7-text wpcf7-validates-as-email\" autocomplete=\"email\" aria-required=\"true\" aria-invalid=\"false\" value=\"\" type=\"email\" name=\"your-email\" \/><\/span> <\/label>\n<\/p>\n<p><label>Your question or remark concerns...<br \/>\n<span class=\"wpcf7-form-control-wrap\" data-name=\"contactreason\"><select class=\"wpcf7-form-control wpcf7-select wpcf7-validates-as-required\" aria-required=\"true\" aria-invalid=\"false\" name=\"contactreason\"><option value=\"The CBTI\/BKVT in general\">The CBTI\/BKVT in general<\/option><option value=\"Your admission\/membership\">Your admission\/membership<\/option><option value=\"The profession of translator\">The profession of translator<\/option><option value=\"The profession of conference interpreter\">The profession of conference interpreter<\/option><option value=\"The profession of sworn translator or interpreter\">The profession of sworn translator or interpreter<\/option><option value=\"Our insurance package\">Our insurance package<\/option><option value=\"Our training courses\">Our training courses<\/option><option value=\"Our magazine \u201cLe Linguiste\/De Taalkundige\u201d\">Our magazine \u201cLe Linguiste\/De Taalkundige\u201d<\/option><option value=\"Our legal assistance\">Our legal assistance<\/option><option value=\"This site\">This site<\/option><\/select><\/span><br \/>\n<\/label>\n<\/p>\n<p><label> Your message<br \/>\n<span class=\"wpcf7-form-control-wrap\" data-name=\"your-message\"><textarea cols=\"40\" rows=\"10\" maxlength=\"2000\" class=\"wpcf7-form-control wpcf7-textarea\" aria-invalid=\"false\" name=\"your-message\"><\/textarea><\/span> <\/label>\n<\/p>\n<p><span class=\"wpcf7-form-control-wrap\" data-name=\"acceptance-769\"><span class=\"wpcf7-form-control wpcf7-acceptance\"><span class=\"wpcf7-list-item\"><label><input type=\"checkbox\" name=\"acceptance-769\" value=\"1\" aria-invalid=\"false\" \/><span class=\"wpcf7-list-item-label\">In compliance with the GDPR, you may exercise your right to access your data and correct them via our <a href=\"https:\/\/www.cbti-bkvt.org\/en\/politique-de-confidentialite\/\">Privacy Policy<\/a> page.<\/span><\/label><\/span><\/span><\/span>\n<\/p>\n<p><input class=\"wpcf7-form-control wpcf7-submit has-spinner\" type=\"submit\" value=\"Send\" \/>\n<\/p><div class=\"wpcf7-response-output\" aria-hidden=\"true\"><\/div>\n<\/form>\n<\/div>\n\n<\/div>\n\n\n\n<div class=\"wp-block-column m-boxHiglight is-layout-flow wp-block-column-is-layout-flow\" style=\"flex-basis:33.33%\">\n<p><strong>CBTI &#8211; BKVT<\/strong><br>boulevard de l&#8217;Empereur 10,<br>1000 Bruxelles<br>+32 2 513 09 15<br><a href=\"mailto:info@cbti-bkvt.org\">info@cbti-bkvt.org<\/a><\/p>\n\n\n\n<p><strong>Opening hours:<\/strong><br>Monday, Tuesday and Thursday<br>9:30am-4:30pm<br>Wednesday<br>9:30am-1pm<\/p>\n<\/div>\n<\/div>\n\n\n\n<h2 class=\"wp-block-heading\"><span class=\"ez-toc-section\" id=\"Administrative_body_boardcbti-bkvtorg\"><\/span>Administrative body (<a href=\"mailto:board@cbti-bkvt.org\">board@cbti-bkvt.org<\/a>)<span class=\"ez-toc-section-end\"><\/span><\/h2>\n\n\n\n<figure class=\"wp-block-table is-style-stripes\"><table><tbody><tr><td>President<\/td><td>Max De Brouwer<\/td><td><a href=\"mailto:president@cbti-bkvt.org\">president@cbti-bkvt.org<\/a><\/td><\/tr><tr><td>Vice President (NL)<\/td><td>Arjan Kwakkenbos<\/td><td><a href=\"mailto:vicevoorzitter@cbtip-bkvt.org\">vicevoorzitter@cbti-bkvt.org<\/a><\/td><\/tr><tr><td>Vice President (FR)<\/td><td>Jenny Vanmaldeghem<\/td><td><a href=\"mailto:vice-president.e@cbti-bkvt.org\">vice-president.e@cbti-bkvt.org<\/a><\/td><\/tr><tr><td>Secretary-General<\/td><td>Patrick Rondou<\/td><td><a href=\"mailto:secgen@cbti-bkvt.org\">secgen@cbti-bkvt.org<\/a><\/td><\/tr><tr><td>Director<\/td><td>Caroline Coppens<\/td><td><a href=\"mailto:caroline.coppens@cbti-bkvt.org\">caroline.coppens@cbti-bkvt.org<\/a><\/td><\/tr><tr><td>Director<\/td><td>Isabelle Collard<\/td><td><a href=\"mailto:isabelle.collard@cbti-bkvt.org\">isabelle.collard@cbti-bkvt.org<\/a><\/td><\/tr><tr><td>Director<\/td><td>Francis Auquier<\/td><td><a href=\"mailto:francis.auquier@cbti-bkvt.org\">francis.auquier@cbti-bkvt.org<\/a><\/td><\/tr><tr><td>Director<\/td><td>Siddhartha De Rycke<\/td><td><a href=\"mailto:arjan.kwakkenbos@cbti-bkvt.org\">siddhartha.derycke@cbti-bkvt.org<\/a><\/td><\/tr><\/tbody><\/table><\/figure>\n\n\n\n<h2 class=\"wp-block-heading\"><span class=\"ez-toc-section\" id=\"Sectoral_Commissions\"><\/span>Sectoral Commissions<span class=\"ez-toc-section-end\"><\/span><\/h2>\n\n\n\n<figure class=\"wp-block-table is-style-stripes\"><table class=\"has-fixed-layout\"><tbody><tr><td>Translatio (translation)<\/td><td class=\"has-text-align-left\" data-align=\"left\"><a href=\"mailto:translatio@cbti-bkvt.org\">translatio@cbti-bkvt.org<\/a><\/td><\/tr><tr><td>Forum (conference interpreting)<\/td><td class=\"has-text-align-left\" data-align=\"left\"><a href=\"mailto:forum@cbti-bkvt.org\">forum@cbti-bkvt.org<\/a><\/td><\/tr><tr><td>AudioVerba (audiovisual trans. &amp; int.)<\/td><td class=\"has-text-align-left\" data-align=\"left\"><a href=\"mailto:audioverba@cbti-bkvt.org\">audioverba@cbti-bkvt.org<\/a><\/td><\/tr><tr><td>LinguaJuris (sworn trans. &amp; int.)<\/td><td class=\"has-text-align-left\" data-align=\"left\"><a href=\"mailto:linguajuris@cbti-bkvt.org\">linguajuris@cbti-bkvt.org<\/a><\/td><\/tr><\/tbody><\/table><\/figure>\n\n\n\n<h2 class=\"wp-block-heading\"><span class=\"ez-toc-section\" id=\"Technical_Commissions\"><\/span>Technical Commissions<span class=\"ez-toc-section-end\"><\/span><\/h2>\n\n\n\n<figure class=\"wp-block-table is-style-stripes\"><table class=\"has-fixed-layout\"><tbody><tr><td>Membership<\/td><td><a href=\"mailto:admissions@cbti-bkvt.org\">admissions@cbti-bkvt.org<\/a><\/td><\/tr><tr><td>Training<\/td><td><a href=\"mailto:trainings@cbti-bkvt.org\">trainings@cbti-bkvt.org<\/a><\/td><\/tr><tr><td>Artificial Intelligence<\/td><td><a href=\"mailto:ia@cbti-bvkt.org\">ia@cbti-bvkt.org<\/a><\/td><\/tr><tr><td>Prize for the Best Final Dissertation<\/td><td><a href=\"mailto:award@cbti-bkvt.org\">award@cbti-bkvt.org<\/a><\/td><\/tr><tr><td>Publications<\/td><td><a href=\"mailto:linguiste@cbti-bkvt.org\">linguiste@cbti-bkvt.org<\/a><\/td><\/tr><tr><td>Universities<\/td><td><a href=\"mailto:universities@cbti-bkvt.org\">universities@cbti-bkvt.org<\/a><\/td><\/tr><\/tbody><\/table><\/figure>\n\n\n\n<h2 class=\"wp-block-heading\"><span class=\"ez-toc-section\" id=\"Services\"><\/span>Services<span class=\"ez-toc-section-end\"><\/span><\/h2>\n\n\n\n<figure class=\"wp-block-table is-style-stripes\"><table class=\"has-fixed-layout\"><tbody><tr><td>Insurance<\/td><td><a href=\"mailto:insurance@cbti-bkvt.org\">insurance@cbti-bkvt.org<\/a><\/td><\/tr><tr><td>Communications<\/td><td><a href=\"mailto:communications@cbti-bkvt.org\">communications@cbti-bkvt.org<\/a><\/td><\/tr><tr><td>Events<\/td><td><a href=\"mailto:event@cbti-bkvt.org\">event@cbti-bkvt.org<\/a><\/td><\/tr><tr><td>Daily management<\/td><td><a href=\"mailto:secgen@cbti-bkvt.org\">secgen@cbti-bkvt.org<\/a><\/td><\/tr><tr><td>Translation pool<\/td><td><a href=\"mailto:pool@cbti-bkvt.org\">pool@cbti-bkvt.org<\/a><\/td><\/tr><tr><td>Annual report<\/td><td><a href=\"mailto:rapportannuel@cbti-bkvt.org\">rapportannuel@cbti-bkvt.org<\/a><\/td><\/tr><tr><td>Legal assistance<\/td><td><a href=\"mailto:legal@cbti-bkvt.org\">legal@cbti-bkvt.org<\/a><\/td><\/tr><tr><td>Technical affairs and digitisation<\/td><td><a href=\"mailto:webmaster@cbti-bkvt.org\">webmaster@cbti-bkvt.org<\/a><\/td><\/tr><\/tbody><\/table><\/figure>\n\n\n\n<h2 class=\"wp-block-heading\"><span class=\"ez-toc-section\" id=\"Networks\"><\/span>Networks<span class=\"ez-toc-section-end\"><\/span><\/h2>\n\n\n\n<figure class=\"wp-block-table is-style-stripes\"><table class=\"has-fixed-layout\"><tbody><tr><td>Bremer Runde<\/td><td><a href=\"mailto:bremer-runde@cbti-bkvt.org\">bremer-runde@cbti-bkvt.org<\/a><\/td><\/tr><tr><td>Agnlo-French network<\/td><td><a href=\"mailto:raf@cbti-bkvt.org\">raf@cbti-bkvt.org<\/a><\/td><\/tr><tr><td>French-German network<\/td><td><a href=\"mailto:rfa@cbti-bkvt.org\">rfa@cbti-bkvt.org<\/a><\/td><\/tr><tr><td>French-Spanish network<\/td><td><a href=\"mailto:rfe@cbti-bkvt.org\">rfe@cbti-bkvt.org<\/a><\/td><\/tr><\/tbody><\/table><\/figure>\n\n\n\n<h2 class=\"wp-block-heading\"><span class=\"ez-toc-section\" id=\"Boards\"><\/span>Boards<span class=\"ez-toc-section-end\"><\/span><\/h2>\n\n\n\n<figure class=\"wp-block-table is-style-stripes\"><table class=\"has-fixed-layout\"><tbody><tr><td>Arbitration Committee<\/td><td><a href=\"mailto:arbitration-committee@cbti-bkvt.org\">arbitration-committee@cbti-bkvt.org<\/a><\/td><\/tr><tr><td>Disciplinary Board<\/td><td><a href=\"mailto:disciplinary-board@cbti-bkvt.org\">disciplinary-board@cbti-bkvt.org<\/a><\/td><\/tr><\/tbody><\/table><\/figure>\n\n\n\n<h2 class=\"wp-block-heading\"><span class=\"ez-toc-section\" id=\"Umbrella_organisations\"><\/span>Umbrella organisations<span class=\"ez-toc-section-end\"><\/span><\/h2>\n\n\n\n<figure class=\"wp-block-table is-style-stripes\"><table class=\"has-fixed-layout\"><tbody><tr><td>FIT<\/td><td><a href=\"mailto:fit@cbti-bkvt.org\">fit@cbti-bkvt.org<\/a><\/td><\/tr><tr><td>EULITA<\/td><td><a href=\"mailto:eulita@cbti-bkvt.org\">eulita@cbti-bkvt.org<\/a><\/td><\/tr><tr><td>CSIPME<\/td><td><a href=\"mailto:csipme@cbti-bkvt.org\">csipme@cbti-bkvt.org<\/a><\/td><\/tr><tr><td>FVB<\/td><td><a href=\"mailto:fvb@cbti-bkvt.org\">fvb@cbti-bkvt.org<\/a><\/td><\/tr><tr><td>UNPLIB<\/td><td><a href=\"mailto:unplib@cbti-bkvt.org\">unplib@cbti-bkvt.org<\/a><\/td><\/tr><\/tbody><\/table><\/figure>\n\n\n\n<h2 class=\"wp-block-heading\"><span class=\"ez-toc-section\" id=\"Other_functions\"><\/span>Other functions<span class=\"ez-toc-section-end\"><\/span><\/h2>\n\n\n\n<figure class=\"wp-block-table is-style-stripes\"><table class=\"has-fixed-layout\"><tbody><tr><td>Treasurer<\/td><td><a href=\"mailto:accounts@cbti-bkvt.org\">accounts@cbti-bkvt.org<\/a><\/td><\/tr><tr><td>Secretary<\/td><td><a href=\"mailto:secretariat@cbti-bkvt.org\">secretariat@cbti-bkvt.org<\/a><\/td><\/tr><tr><td>Web Administrator<\/td><td><a href=\"mailto:webmaster@cbti-bkvt.org\">webmaster@cbti-bkvt.org<\/a><\/td><\/tr><\/tbody><\/table><\/figure>\n","protected":false},"excerpt":{"rendered":"<p>Contact us CBTI &#8211; BKVTboulevard de l&#8217;Empereur 10,1000 Bruxelles+32 2 513 09 15info@cbti-bkvt.org Opening hours:Monday, Tuesday and Thursday9:30am-4:30pmWednesday9:30am-1pm Administrative body (board@cbti-bkvt.org) PresidentMax De Brouwerpresident@cbti-bkvt.orgVice President (NL)Arjan Kwakkenbosvicevoorzitter@cbti-bkvt.orgVice President (FR)Jenny Vanmaldeghemvice-president.e@cbti-bkvt.orgSecretary-GeneralPatrick Rondousecgen@cbti-bkvt.orgDirectorCaroline Coppenscaroline.coppens@cbti-bkvt.orgDirectorIsabelle Collardisabelle.collard@cbti-bkvt.orgDirectorFrancis Auquierfrancis.auquier@cbti-bkvt.orgDirectorSiddhartha De Ryckesiddhartha.derycke@cbti-bkvt.org Sectoral Commissions Translatio (translation)translatio@cbti-bkvt.orgForum (conference interpreting)forum@cbti-bkvt.orgAudioVerba (audiovisual trans. &amp; int.)audioverba@cbti-bkvt.orgLinguaJuris (sworn trans. &amp; int.)linguajuris@cbti-bkvt.org Technical Commissions Membershipadmissions@cbti-bkvt.orgTrainingtrainings@cbti-bkvt.orgArtificial Intelligenceia@cbti-bvkt.orgPrize for&hellip;&nbsp;<a href=\"https:\/\/www.cbti-bkvt.org\/en\/contact\/\" rel=\"bookmark\">Read More &raquo;<span class=\"screen-reader-text\">Contact<\/span><\/a><\/p>\n","protected":false},"author":1,"featured_media":31156,"parent":0,"menu_order":8,"comment_status":"closed","ping_status":"closed","template":"page-noSidebar.php","meta":{"_acf_changed":false,"pmpro_default_level":"","neve_meta_sidebar":"default","neve_meta_container":"contained","neve_meta_enable_content_width":"on","neve_meta_content_width":71,"neve_meta_title_alignment":"","neve_meta_author_avatar":"","neve_post_elements_order":"","neve_meta_disable_header":"","neve_meta_disable_footer":"","neve_meta_disable_title":"","neve_meta_reading_time":"","footnotes":"","_links_to":"","_links_to_target":""},"class_list":["post-23722","page","type-page","status-publish","has-post-thumbnail","hentry","pmpro-has-access"],"acf":[],"yoast_head":"<!-- This site is optimized with the Yoast SEO plugin v27.5 - https:\/\/yoast.com\/product\/yoast-seo-wordpress\/ -->\n<title>Chambre Belge des Traducteurs et Interpr\u00e8tes | Belgische Kamer van Vertalers en Tolken<\/title>\n<meta name=\"description\" content=\"Any question? Find all the the Belgian Chamber of Translators and Interpreters&#039;s contact details or contact a service or a commission.\" \/>\n<meta name=\"robots\" content=\"index, follow, max-snippet:-1, max-image-preview:large, max-video-preview:-1\" \/>\n<link rel=\"canonical\" href=\"https:\/\/www.cbti-bkvt.org\/en\/contact\/\" \/>\n<meta property=\"og:locale\" content=\"en_US\" \/>\n<meta property=\"og:type\" content=\"article\" \/>\n<meta property=\"og:title\" content=\"Contact - Chambre Belge des Traducteurs et Interpr\u00e8tes | Belgische Kamer van Vertalers en Tolken\" \/>\n<meta property=\"og:description\" content=\"Any question? Find all the the Belgian Chamber of Translators and Interpreters&#039;s contact details or contact a service or a commission.\" \/>\n<meta property=\"og:url\" content=\"https:\/\/www.cbti-bkvt.org\/en\/contact\/\" \/>\n<meta property=\"og:site_name\" content=\"Chambre Belge des Traducteurs et Interpr\u00e8tes | Belgische Kamer van Vertalers en Tolken\" \/>\n<meta property=\"article:modified_time\" content=\"2026-04-03T07:53:52+00:00\" \/>\n<meta property=\"og:image\" content=\"https:\/\/www.cbti-bkvt.org\/wp-content\/uploads\/Page-Contact-1024x683.jpg\" \/>\n\t<meta property=\"og:image:width\" content=\"1024\" \/>\n\t<meta property=\"og:image:height\" content=\"683\" \/>\n\t<meta property=\"og:image:type\" content=\"image\/jpeg\" \/>\n<meta name=\"twitter:card\" content=\"summary_large_image\" \/>\n<meta name=\"twitter:label1\" content=\"Est. reading time\" \/>\n\t<meta name=\"twitter:data1\" content=\"1 minute\" \/>\n<script type=\"application\/ld+json\" class=\"yoast-schema-graph\">{\"@context\":\"https:\\\/\\\/schema.org\",\"@graph\":[{\"@type\":\"WebPage\",\"@id\":\"https:\\\/\\\/www.cbti-bkvt.org\\\/en\\\/contact\\\/\",\"url\":\"https:\\\/\\\/www.cbti-bkvt.org\\\/en\\\/contact\\\/\",\"name\":\"Contact - Chambre Belge des Traducteurs et Interpr\u00e8tes | Belgische Kamer van Vertalers en Tolken\",\"isPartOf\":{\"@id\":\"https:\\\/\\\/www.cbti-bkvt.org\\\/en\\\/#website\"},\"primaryImageOfPage\":{\"@id\":\"https:\\\/\\\/www.cbti-bkvt.org\\\/en\\\/contact\\\/#primaryimage\"},\"image\":{\"@id\":\"https:\\\/\\\/www.cbti-bkvt.org\\\/en\\\/contact\\\/#primaryimage\"},\"thumbnailUrl\":\"https:\\\/\\\/www.cbti-bkvt.org\\\/wp-content\\\/uploads\\\/Page-Contact.jpg\",\"datePublished\":\"2022-03-10T14:37:27+00:00\",\"dateModified\":\"2026-04-03T07:53:52+00:00\",\"description\":\"Any question? Find all the the Belgian Chamber of Translators and Interpreters's contact details or contact a service or a commission.\",\"breadcrumb\":{\"@id\":\"https:\\\/\\\/www.cbti-bkvt.org\\\/en\\\/contact\\\/#breadcrumb\"},\"inLanguage\":\"en-US\",\"potentialAction\":[{\"@type\":\"ReadAction\",\"target\":[\"https:\\\/\\\/www.cbti-bkvt.org\\\/en\\\/contact\\\/\"]}]},{\"@type\":\"ImageObject\",\"inLanguage\":\"en-US\",\"@id\":\"https:\\\/\\\/www.cbti-bkvt.org\\\/en\\\/contact\\\/#primaryimage\",\"url\":\"https:\\\/\\\/www.cbti-bkvt.org\\\/wp-content\\\/uploads\\\/Page-Contact.jpg\",\"contentUrl\":\"https:\\\/\\\/www.cbti-bkvt.org\\\/wp-content\\\/uploads\\\/Page-Contact.jpg\",\"width\":5184,\"height\":3456},{\"@type\":\"BreadcrumbList\",\"@id\":\"https:\\\/\\\/www.cbti-bkvt.org\\\/en\\\/contact\\\/#breadcrumb\",\"itemListElement\":[{\"@type\":\"ListItem\",\"position\":1,\"name\":\"Home\",\"item\":\"https:\\\/\\\/www.cbti-bkvt.org\\\/en\\\/\"},{\"@type\":\"ListItem\",\"position\":2,\"name\":\"Contact\"}]},{\"@type\":\"WebSite\",\"@id\":\"https:\\\/\\\/www.cbti-bkvt.org\\\/en\\\/#website\",\"url\":\"https:\\\/\\\/www.cbti-bkvt.org\\\/en\\\/\",\"name\":\"Chambre Belge des Traducteurs et Interpr\u00e8tes | Belgische Kamer van Vertalers en Tolken\",\"description\":\"M\u00e9tiers de la traduction \u00e9crite, l\u2019interpr\u00e9tation de conf\u00e9rence, la traduction et l\u2019interpr\u00e9tation en milieu judiciaire.\",\"potentialAction\":[{\"@type\":\"SearchAction\",\"target\":{\"@type\":\"EntryPoint\",\"urlTemplate\":\"https:\\\/\\\/www.cbti-bkvt.org\\\/en\\\/?s={search_term_string}\"},\"query-input\":{\"@type\":\"PropertyValueSpecification\",\"valueRequired\":true,\"valueName\":\"search_term_string\"}}],\"inLanguage\":\"en-US\"}]}<\/script>\n<!-- \/ Yoast SEO plugin. -->","yoast_head_json":{"title":"Chambre Belge des Traducteurs et Interpr\u00e8tes | Belgische Kamer van Vertalers en Tolken","description":"Any question? Find all the the Belgian Chamber of Translators and Interpreters's contact details or contact a service or a commission.","robots":{"index":"index","follow":"follow","max-snippet":"max-snippet:-1","max-image-preview":"max-image-preview:large","max-video-preview":"max-video-preview:-1"},"canonical":"https:\/\/www.cbti-bkvt.org\/en\/contact\/","og_locale":"en_US","og_type":"article","og_title":"Contact - Chambre Belge des Traducteurs et Interpr\u00e8tes | Belgische Kamer van Vertalers en Tolken","og_description":"Any question? Find all the the Belgian Chamber of Translators and Interpreters's contact details or contact a service or a commission.","og_url":"https:\/\/www.cbti-bkvt.org\/en\/contact\/","og_site_name":"Chambre Belge des Traducteurs et Interpr\u00e8tes | Belgische Kamer van Vertalers en Tolken","article_modified_time":"2026-04-03T07:53:52+00:00","og_image":[{"width":1024,"height":683,"url":"https:\/\/www.cbti-bkvt.org\/wp-content\/uploads\/Page-Contact-1024x683.jpg","type":"image\/jpeg"}],"twitter_card":"summary_large_image","twitter_misc":{"Est. reading time":"1 minute"},"schema":{"@context":"https:\/\/schema.org","@graph":[{"@type":"WebPage","@id":"https:\/\/www.cbti-bkvt.org\/en\/contact\/","url":"https:\/\/www.cbti-bkvt.org\/en\/contact\/","name":"Contact - Chambre Belge des Traducteurs et Interpr\u00e8tes | Belgische Kamer van Vertalers en Tolken","isPartOf":{"@id":"https:\/\/www.cbti-bkvt.org\/en\/#website"},"primaryImageOfPage":{"@id":"https:\/\/www.cbti-bkvt.org\/en\/contact\/#primaryimage"},"image":{"@id":"https:\/\/www.cbti-bkvt.org\/en\/contact\/#primaryimage"},"thumbnailUrl":"https:\/\/www.cbti-bkvt.org\/wp-content\/uploads\/Page-Contact.jpg","datePublished":"2022-03-10T14:37:27+00:00","dateModified":"2026-04-03T07:53:52+00:00","description":"Any question? Find all the the Belgian Chamber of Translators and Interpreters's contact details or contact a service or a commission.","breadcrumb":{"@id":"https:\/\/www.cbti-bkvt.org\/en\/contact\/#breadcrumb"},"inLanguage":"en-US","potentialAction":[{"@type":"ReadAction","target":["https:\/\/www.cbti-bkvt.org\/en\/contact\/"]}]},{"@type":"ImageObject","inLanguage":"en-US","@id":"https:\/\/www.cbti-bkvt.org\/en\/contact\/#primaryimage","url":"https:\/\/www.cbti-bkvt.org\/wp-content\/uploads\/Page-Contact.jpg","contentUrl":"https:\/\/www.cbti-bkvt.org\/wp-content\/uploads\/Page-Contact.jpg","width":5184,"height":3456},{"@type":"BreadcrumbList","@id":"https:\/\/www.cbti-bkvt.org\/en\/contact\/#breadcrumb","itemListElement":[{"@type":"ListItem","position":1,"name":"Home","item":"https:\/\/www.cbti-bkvt.org\/en\/"},{"@type":"ListItem","position":2,"name":"Contact"}]},{"@type":"WebSite","@id":"https:\/\/www.cbti-bkvt.org\/en\/#website","url":"https:\/\/www.cbti-bkvt.org\/en\/","name":"Chambre Belge des Traducteurs et Interpr\u00e8tes | Belgische Kamer van Vertalers en Tolken","description":"M\u00e9tiers de la traduction \u00e9crite, l\u2019interpr\u00e9tation de conf\u00e9rence, la traduction et l\u2019interpr\u00e9tation en milieu judiciaire.","potentialAction":[{"@type":"SearchAction","target":{"@type":"EntryPoint","urlTemplate":"https:\/\/www.cbti-bkvt.org\/en\/?s={search_term_string}"},"query-input":{"@type":"PropertyValueSpecification","valueRequired":true,"valueName":"search_term_string"}}],"inLanguage":"en-US"}]}},"_links":{"self":[{"href":"https:\/\/www.cbti-bkvt.org\/en\/wp-json\/wp\/v2\/pages\/23722","targetHints":{"allow":["GET"]}}],"collection":[{"href":"https:\/\/www.cbti-bkvt.org\/en\/wp-json\/wp\/v2\/pages"}],"about":[{"href":"https:\/\/www.cbti-bkvt.org\/en\/wp-json\/wp\/v2\/types\/page"}],"author":[{"embeddable":true,"href":"https:\/\/www.cbti-bkvt.org\/en\/wp-json\/wp\/v2\/users\/1"}],"replies":[{"embeddable":true,"href":"https:\/\/www.cbti-bkvt.org\/en\/wp-json\/wp\/v2\/comments?post=23722"}],"version-history":[{"count":1,"href":"https:\/\/www.cbti-bkvt.org\/en\/wp-json\/wp\/v2\/pages\/23722\/revisions"}],"predecessor-version":[{"id":35336,"href":"https:\/\/www.cbti-bkvt.org\/en\/wp-json\/wp\/v2\/pages\/23722\/revisions\/35336"}],"wp:featuredmedia":[{"embeddable":true,"href":"https:\/\/www.cbti-bkvt.org\/en\/wp-json\/wp\/v2\/media\/31156"}],"wp:attachment":[{"href":"https:\/\/www.cbti-bkvt.org\/en\/wp-json\/wp\/v2\/media?parent=23722"}],"curies":[{"name":"wp","href":"https:\/\/api.w.org\/{rel}","templated":true}]}}