{"id":23724,"date":"2022-03-10T15:36:52","date_gmt":"2022-03-10T15:36:52","guid":{"rendered":"https:\/\/www.cbti-bkvt.org\/bibliotheque\/"},"modified":"2025-06-13T11:36:59","modified_gmt":"2025-06-13T11:36:59","slug":"library","status":"publish","type":"page","link":"https:\/\/www.cbti-bkvt.org\/en\/library\/","title":{"rendered":"Library"},"content":{"rendered":"\n\n\n\n\n\n\n\n\n<div class=\"\n     \n    \n    m-flexible \n    m-flexible--pagesList \n    m-flexible--pagesList--layout--pagesList \n    m-flexible--row m-flexible--row--     \n         \n    \" id=\"js-module-\">\n\n\n\n\n\n    \n    <div class=\"m-flexible--pagesList__child\">\n        <div class=\"m-flexible--pagesList__body\">\n            <div class=\"m-flexible--pagesList__inside\">\n\n                \n            <\/div><!-- \/pagesList pagesList__inside -->\n        <\/div><!-- \/pagesList body -->\n\n\n\n\n\n        \n                \n            <div class=\"m-flexible--pagesListContainer \"> \n\n                <div class=\"m-flexible--pagesListContainer__child row m-txt--s9 justify-content-center\">\n\n\n                            \n                    \n                                                                \n\n\n    <div class=\"\n    m-flexible--pagesList__item\n    animated \n    fadeInUp \n    animate__delay-1s\n    animate__slower\n    \n    col-12 col-sm-6 col-md-6 col-lg-4    \n    \"><div class=\"m-flexible--pagesList__item__child\">\n\n        <a href=\"https:\/\/www.cbti-bkvt.org\/en\/doccbti-type\/translation\/\" class=\"m-flexible--pagesList__item__link\" title=\"Translation\">\n        \n            <div class=\"m-flexible--pagesList__item__img\">\n                <img \n\t   \tsrc=\"https:\/\/www.cbti-bkvt.org\/wp-content\/uploads\/Page-Traduction-540x360.jpg\" \n\t\tsrcset=\"https:\/\/www.cbti-bkvt.org\/wp-content\/uploads\/Page-Traduction-540x360.jpg 540w, https:\/\/www.cbti-bkvt.org\/wp-content\/uploads\/Page-Traduction-1000x666.jpg 540w, https:\/\/www.cbti-bkvt.org\/wp-content\/uploads\/Page-Traduction-2000x1333.jpg 540w\" \n\t\tsizes=\"(max-width:540px) 540px\"  \n\t\talt=\"Page Traduction\"\n\t \/>            <\/div>\n\n            <div class=\"m-flexible--pagesList__item__content\">\n                <div class=\"m-flexible--pagesList__item__content__child\">\n\n                                            <p>Translation<\/p>\n                    \n                    \n                <\/div><!-- \/pagesList__item__overlay child -->\n            <\/div><!-- \/pagesList__item__overlay -->\n            \n        <\/a><!-- \/pagesList__item__link -->\n    <\/div><!-- \/pagesList__item__child -->\n<\/div><!-- \/pagesList__item -->\n\n\n    <div class=\"\n    m-flexible--pagesList__item\n    animated \n    fadeInUp \n    animate__delay-1s\n    animate__slower\n    \n    col-12 col-sm-6 col-md-6 col-lg-4    \n    \"><div class=\"m-flexible--pagesList__item__child\">\n\n        <a href=\"https:\/\/www.cbti-bkvt.org\/en\/doccbti-type\/interpreting\/\" class=\"m-flexible--pagesList__item__link\" title=\"Interpreting\">\n        \n            <div class=\"m-flexible--pagesList__item__img\">\n                <img \n\t   \tsrc=\"https:\/\/www.cbti-bkvt.org\/wp-content\/uploads\/Page-Interpretation-540x360.jpg\" \n\t\tsrcset=\"https:\/\/www.cbti-bkvt.org\/wp-content\/uploads\/Page-Interpretation-540x360.jpg 540w, https:\/\/www.cbti-bkvt.org\/wp-content\/uploads\/Page-Interpretation.jpg 540w, https:\/\/www.cbti-bkvt.org\/wp-content\/uploads\/Page-Interpretation.jpg 540w\" \n\t\tsizes=\"(max-width:540px) 540px\"  \n\t\talt=\"Page Interpr\u00e9tation\"\n\t \/>            <\/div>\n\n            <div class=\"m-flexible--pagesList__item__content\">\n                <div class=\"m-flexible--pagesList__item__content__child\">\n\n                                            <p>Interpreting<\/p>\n                    \n                    \n                <\/div><!-- \/pagesList__item__overlay child -->\n            <\/div><!-- \/pagesList__item__overlay -->\n            \n        <\/a><!-- \/pagesList__item__link -->\n    <\/div><!-- \/pagesList__item__child -->\n<\/div><!-- \/pagesList__item -->\n\n\n    <div class=\"\n    m-flexible--pagesList__item\n    animated \n    fadeInUp \n    animate__delay-1s\n    animate__slower\n    \n    col-12 col-sm-6 col-md-6 col-lg-4    \n    \"><div class=\"m-flexible--pagesList__item__child\">\n\n        <a href=\"https:\/\/www.cbti-bkvt.org\/en\/doccbti-type\/sworn-translators-interpreters\/\" class=\"m-flexible--pagesList__item__link\" title=\"Sworn translators\/interpreters\">\n        \n            <div class=\"m-flexible--pagesList__item__img\">\n                <img \n\t   \tsrc=\"https:\/\/www.cbti-bkvt.org\/wp-content\/uploads\/tingey-injury-law-firm-DZpc4UY8ZtY-unsplash-540x360.jpg\" \n\t\tsrcset=\"https:\/\/www.cbti-bkvt.org\/wp-content\/uploads\/tingey-injury-law-firm-DZpc4UY8ZtY-unsplash-540x360.jpg 540w, https:\/\/www.cbti-bkvt.org\/wp-content\/uploads\/tingey-injury-law-firm-DZpc4UY8ZtY-unsplash-1000x666.jpg 540w, https:\/\/www.cbti-bkvt.org\/wp-content\/uploads\/tingey-injury-law-firm-DZpc4UY8ZtY-unsplash-2000x1333.jpg 540w\" \n\t\tsizes=\"(max-width:540px) 540px\"  \n\t\talt=\"tingey-injury-law-firm-DZpc4UY8ZtY-unsplash\"\n\t \/>            <\/div>\n\n            <div class=\"m-flexible--pagesList__item__content\">\n                <div class=\"m-flexible--pagesList__item__content__child\">\n\n                                            <p>Sworn translators\/interpreters<\/p>\n                    \n                    \n                <\/div><!-- \/pagesList__item__overlay child -->\n            <\/div><!-- \/pagesList__item__overlay -->\n            \n        <\/a><!-- \/pagesList__item__link -->\n    <\/div><!-- \/pagesList__item__child -->\n<\/div><!-- \/pagesList__item -->\n\n\n    <div class=\"\n    m-flexible--pagesList__item\n    animated \n    fadeInUp \n    animate__delay-1s\n    animate__slower\n    \n    col-12 col-sm-6 col-md-6 col-lg-4    \n    \"><div class=\"m-flexible--pagesList__item__child\">\n\n        <a href=\"https:\/\/www.cbti-bkvt.org\/en\/doccbti-type\/groups-io-en\/\" class=\"m-flexible--pagesList__item__link\" title=\"Groups.IO\">\n        \n            <div class=\"m-flexible--pagesList__item__img\">\n                <img \n\t   \tsrc=\"https:\/\/www.cbti-bkvt.org\/wp-content\/uploads\/volodymyr-hryshchenko-V5vqWC9gyEU-unsplash-540x360.jpg\" \n\t\tsrcset=\"https:\/\/www.cbti-bkvt.org\/wp-content\/uploads\/volodymyr-hryshchenko-V5vqWC9gyEU-unsplash-540x360.jpg 540w, https:\/\/www.cbti-bkvt.org\/wp-content\/uploads\/volodymyr-hryshchenko-V5vqWC9gyEU-unsplash-1000x666.jpg 540w, https:\/\/www.cbti-bkvt.org\/wp-content\/uploads\/volodymyr-hryshchenko-V5vqWC9gyEU-unsplash-2000x1333.jpg 540w\" \n\t\tsizes=\"(max-width:540px) 540px\"  \n\t\talt=\"volodymyr-hryshchenko-V5vqWC9gyEU-unsplash\"\n\t \/>            <\/div>\n\n            <div class=\"m-flexible--pagesList__item__content\">\n                <div class=\"m-flexible--pagesList__item__content__child\">\n\n                                            <p>Groups.IO<\/p>\n                    \n                    \n                <\/div><!-- \/pagesList__item__overlay child -->\n            <\/div><!-- \/pagesList__item__overlay -->\n            \n        <\/a><!-- \/pagesList__item__link -->\n    <\/div><!-- \/pagesList__item__child -->\n<\/div><!-- \/pagesList__item -->\n\n\n    <div class=\"\n    m-flexible--pagesList__item\n    animated \n    fadeInUp \n    animate__delay-1s\n    animate__slower\n    \n    col-12 col-sm-6 col-md-6 col-lg-4    \n    \"><div class=\"m-flexible--pagesList__item__child\">\n\n        <a href=\"https:\/\/www.cbti-bkvt.org\/en\/doccbti-type\/publications\/\" class=\"m-flexible--pagesList__item__link\" title=\"Publications\">\n        \n            <div class=\"m-flexible--pagesList__item__img\">\n                <img \n\t   \tsrc=\"https:\/\/www.cbti-bkvt.org\/wp-content\/uploads\/4_Publications-540x360.jpg\" \n\t\tsrcset=\"https:\/\/www.cbti-bkvt.org\/wp-content\/uploads\/4_Publications-540x360.jpg 540w, https:\/\/www.cbti-bkvt.org\/wp-content\/uploads\/4_Publications-1000x666.jpg 540w, https:\/\/www.cbti-bkvt.org\/wp-content\/uploads\/4_Publications-2000x1333.jpg 540w\" \n\t\tsizes=\"(max-width:540px) 540px\"  \n\t\talt=\"4_Publications\"\n\t \/>            <\/div>\n\n            <div class=\"m-flexible--pagesList__item__content\">\n                <div class=\"m-flexible--pagesList__item__content__child\">\n\n                                            <p>Publications<\/p>\n                    \n                    \n                <\/div><!-- \/pagesList__item__overlay child -->\n            <\/div><!-- \/pagesList__item__overlay -->\n            \n        <\/a><!-- \/pagesList__item__link -->\n    <\/div><!-- \/pagesList__item__child -->\n<\/div><!-- \/pagesList__item -->\n\n\n    <div class=\"\n    m-flexible--pagesList__item\n    animated \n    fadeInUp \n    animate__delay-1s\n    animate__slower\n    \n    col-12 col-sm-6 col-md-6 col-lg-4    \n    \"><div class=\"m-flexible--pagesList__item__child\">\n\n        <a href=\"https:\/\/www.cbti-bkvt.org\/en\/doccbti-type\/legal\/\" class=\"m-flexible--pagesList__item__link\" title=\"Legal\">\n        \n            <div class=\"m-flexible--pagesList__item__img\">\n                <img \n\t   \tsrc=\"https:\/\/www.cbti-bkvt.org\/wp-content\/uploads\/wesley-tingey-TdNLjGXVH3s-unsplash-540x360.jpg\" \n\t\tsrcset=\"https:\/\/www.cbti-bkvt.org\/wp-content\/uploads\/wesley-tingey-TdNLjGXVH3s-unsplash-540x360.jpg 540w, https:\/\/www.cbti-bkvt.org\/wp-content\/uploads\/wesley-tingey-TdNLjGXVH3s-unsplash-1000x666.jpg 540w, https:\/\/www.cbti-bkvt.org\/wp-content\/uploads\/wesley-tingey-TdNLjGXVH3s-unsplash-2000x1333.jpg 540w\" \n\t\tsizes=\"(max-width:540px) 540px\"  \n\t\talt=\"wesley-tingey-TdNLjGXVH3s-unsplash\"\n\t \/>            <\/div>\n\n            <div class=\"m-flexible--pagesList__item__content\">\n                <div class=\"m-flexible--pagesList__item__content__child\">\n\n                                            <p>Legal<\/p>\n                    \n                    \n                <\/div><!-- \/pagesList__item__overlay child -->\n            <\/div><!-- \/pagesList__item__overlay -->\n            \n        <\/a><!-- \/pagesList__item__link -->\n    <\/div><!-- \/pagesList__item__child -->\n<\/div><!-- \/pagesList__item -->\n\n\n    <div class=\"\n    m-flexible--pagesList__item\n    animated \n    fadeInUp \n    animate__delay-1s\n    animate__slower\n    \n    col-12 col-sm-6 col-md-6 col-lg-4    \n    \"><div class=\"m-flexible--pagesList__item__child\">\n\n        <a href=\"https:\/\/www.cbti-bkvt.org\/en\/doccbti-type\/insurance\/\" class=\"m-flexible--pagesList__item__link\" title=\"Insurance\">\n        \n            <div class=\"m-flexible--pagesList__item__img\">\n                <img \n\t   \tsrc=\"https:\/\/www.cbti-bkvt.org\/wp-content\/uploads\/6_Assurance-540x360.jpg\" \n\t\tsrcset=\"https:\/\/www.cbti-bkvt.org\/wp-content\/uploads\/6_Assurance-540x360.jpg 540w, https:\/\/www.cbti-bkvt.org\/wp-content\/uploads\/6_Assurance-1000x666.jpg 540w, https:\/\/www.cbti-bkvt.org\/wp-content\/uploads\/6_Assurance-2000x1333.jpg 540w\" \n\t\tsizes=\"(max-width:540px) 540px\"  \n\t\talt=\"6_Assurance\"\n\t \/>            <\/div>\n\n            <div class=\"m-flexible--pagesList__item__content\">\n                <div class=\"m-flexible--pagesList__item__content__child\">\n\n                                            <p>Insurance<\/p>\n                    \n                    \n                <\/div><!-- \/pagesList__item__overlay child -->\n            <\/div><!-- \/pagesList__item__overlay -->\n            \n        <\/a><!-- \/pagesList__item__link -->\n    <\/div><!-- \/pagesList__item__child -->\n<\/div><!-- \/pagesList__item -->\n\n\n    <div class=\"\n    m-flexible--pagesList__item\n    animated \n    fadeInUp \n    animate__delay-1s\n    animate__slower\n    \n    col-12 col-sm-6 col-md-6 col-lg-4    \n    \"><div class=\"m-flexible--pagesList__item__child\">\n\n        <a href=\"https:\/\/www.cbti-bkvt.org\/en\/doccbti-type\/award-winning-dissertations\/\" class=\"m-flexible--pagesList__item__link\" title=\"Award-winning dissertations\">\n        \n            <div class=\"m-flexible--pagesList__item__img\">\n                <img \n\t   \tsrc=\"https:\/\/www.cbti-bkvt.org\/wp-content\/uploads\/Memoires-primes-540x360.jpg\" \n\t\tsrcset=\"https:\/\/www.cbti-bkvt.org\/wp-content\/uploads\/Memoires-primes-540x360.jpg 540w, https:\/\/www.cbti-bkvt.org\/wp-content\/uploads\/Memoires-primes-1000x666.jpg 540w, https:\/\/www.cbti-bkvt.org\/wp-content\/uploads\/Memoires-primes-2000x1333.jpg 540w\" \n\t\tsizes=\"(max-width:540px) 540px\"  \n\t\talt=\"M\u00e9moires prim\u00e9s\"\n\t \/>            <\/div>\n\n            <div class=\"m-flexible--pagesList__item__content\">\n                <div class=\"m-flexible--pagesList__item__content__child\">\n\n                                            <p>Award-winning dissertations<\/p>\n                    \n                    \n                <\/div><!-- \/pagesList__item__overlay child -->\n            <\/div><!-- \/pagesList__item__overlay -->\n            \n        <\/a><!-- \/pagesList__item__link -->\n    <\/div><!-- \/pagesList__item__child -->\n<\/div><!-- \/pagesList__item -->\n\n\n    <div class=\"\n    m-flexible--pagesList__item\n    animated \n    fadeInUp \n    animate__delay-1s\n    animate__slower\n    \n    col-12 col-sm-6 col-md-6 col-lg-4    \n    \"><div class=\"m-flexible--pagesList__item__child\">\n\n        <a href=\"https:\/\/www.cbti-bkvt.org\/en\/doccbti-type\/administration\/\" class=\"m-flexible--pagesList__item__link\" title=\"Administration\">\n        \n            <div class=\"m-flexible--pagesList__item__img\">\n                <img \n\t   \tsrc=\"https:\/\/www.cbti-bkvt.org\/wp-content\/uploads\/8_Admin-540x360.jpg\" \n\t\tsrcset=\"https:\/\/www.cbti-bkvt.org\/wp-content\/uploads\/8_Admin-540x360.jpg 540w, https:\/\/www.cbti-bkvt.org\/wp-content\/uploads\/8_Admin-1000x666.jpg 540w, https:\/\/www.cbti-bkvt.org\/wp-content\/uploads\/8_Admin-2000x1333.jpg 540w\" \n\t\tsizes=\"(max-width:540px) 540px\"  \n\t\talt=\"8_Admin\"\n\t \/>            <\/div>\n\n            <div class=\"m-flexible--pagesList__item__content\">\n                <div class=\"m-flexible--pagesList__item__content__child\">\n\n                                            <p>Administration<\/p>\n                    \n                    \n                <\/div><!-- \/pagesList__item__overlay child -->\n            <\/div><!-- \/pagesList__item__overlay -->\n            \n        <\/a><!-- \/pagesList__item__link -->\n    <\/div><!-- \/pagesList__item__child -->\n<\/div><!-- \/pagesList__item -->                                 \n\n                <\/div><!-- \/pagesListContainer child -->\n\n            <\/div><!-- \/pagesListContainer -->\n\n                \n\n\n\n                \n\n    <\/div><!-- pagesList child -->\n\n<\/div><!-- \/pagesList -->\n","protected":false},"excerpt":{"rendered":"","protected":false},"author":1,"featured_media":1021,"parent":0,"menu_order":5,"comment_status":"closed","ping_status":"closed","template":"page-document.php","meta":{"_acf_changed":false,"pmpro_default_level":"","neve_meta_sidebar":"","neve_meta_container":"","neve_meta_enable_content_width":"","neve_meta_content_width":0,"neve_meta_title_alignment":"","neve_meta_author_avatar":"","neve_post_elements_order":"","neve_meta_disable_header":"","neve_meta_disable_footer":"","neve_meta_disable_title":"","neve_meta_reading_time":"","footnotes":"","_links_to":"","_links_to_target":""},"class_list":["post-23724","page","type-page","status-publish","has-post-thumbnail","hentry","pmpro-has-access"],"acf":[],"yoast_head":"<!-- This site is optimized with the Yoast SEO plugin v27.4 - https:\/\/yoast.com\/product\/yoast-seo-wordpress\/ -->\n<title>Chambre Belge des Traducteurs et Interpr\u00e8tes | Belgische Kamer van Vertalers en Tolken<\/title>\n<meta name=\"description\" content=\"Find all the documents useful for translation and interpretation professionals | the Belgian Chamber of Translators and Interpreters\" \/>\n<meta name=\"robots\" content=\"index, follow, max-snippet:-1, max-image-preview:large, max-video-preview:-1\" \/>\n<link rel=\"canonical\" href=\"https:\/\/www.cbti-bkvt.org\/en\/library\/\" \/>\n<meta property=\"og:locale\" content=\"en_US\" \/>\n<meta property=\"og:type\" content=\"article\" \/>\n<meta property=\"og:title\" content=\"Library - Chambre Belge des Traducteurs et Interpr\u00e8tes | Belgische Kamer van Vertalers en Tolken\" \/>\n<meta property=\"og:description\" content=\"Find all the documents useful for translation and interpretation professionals | the Belgian Chamber of Translators and Interpreters\" \/>\n<meta property=\"og:url\" content=\"https:\/\/www.cbti-bkvt.org\/en\/library\/\" \/>\n<meta property=\"og:site_name\" content=\"Chambre Belge des Traducteurs et Interpr\u00e8tes | Belgische Kamer van Vertalers en Tolken\" \/>\n<meta property=\"article:modified_time\" content=\"2025-06-13T11:36:59+00:00\" \/>\n<meta property=\"og:image\" content=\"https:\/\/www.cbti-bkvt.org\/wp-content\/uploads\/cbti5-1024x683.jpeg\" \/>\n\t<meta property=\"og:image:width\" content=\"1024\" \/>\n\t<meta property=\"og:image:height\" content=\"683\" \/>\n\t<meta property=\"og:image:type\" content=\"image\/jpeg\" \/>\n<meta name=\"twitter:card\" content=\"summary_large_image\" \/>\n<meta name=\"twitter:label1\" content=\"Est. reading time\" \/>\n\t<meta name=\"twitter:data1\" content=\"1 minute\" \/>\n<script type=\"application\/ld+json\" class=\"yoast-schema-graph\">{\"@context\":\"https:\\\/\\\/schema.org\",\"@graph\":[{\"@type\":\"WebPage\",\"@id\":\"https:\\\/\\\/www.cbti-bkvt.org\\\/en\\\/library\\\/\",\"url\":\"https:\\\/\\\/www.cbti-bkvt.org\\\/en\\\/library\\\/\",\"name\":\"Library - Chambre Belge des Traducteurs et Interpr\u00e8tes | Belgische Kamer van Vertalers en Tolken\",\"isPartOf\":{\"@id\":\"https:\\\/\\\/www.cbti-bkvt.org\\\/en\\\/#website\"},\"primaryImageOfPage\":{\"@id\":\"https:\\\/\\\/www.cbti-bkvt.org\\\/en\\\/library\\\/#primaryimage\"},\"image\":{\"@id\":\"https:\\\/\\\/www.cbti-bkvt.org\\\/en\\\/library\\\/#primaryimage\"},\"thumbnailUrl\":\"https:\\\/\\\/www.cbti-bkvt.org\\\/wp-content\\\/uploads\\\/cbti5.jpeg\",\"datePublished\":\"2022-03-10T15:36:52+00:00\",\"dateModified\":\"2025-06-13T11:36:59+00:00\",\"description\":\"Find all the documents useful for translation and interpretation professionals | the Belgian Chamber of Translators and Interpreters\",\"breadcrumb\":{\"@id\":\"https:\\\/\\\/www.cbti-bkvt.org\\\/en\\\/library\\\/#breadcrumb\"},\"inLanguage\":\"en-US\",\"potentialAction\":[{\"@type\":\"ReadAction\",\"target\":[\"https:\\\/\\\/www.cbti-bkvt.org\\\/en\\\/library\\\/\"]}]},{\"@type\":\"ImageObject\",\"inLanguage\":\"en-US\",\"@id\":\"https:\\\/\\\/www.cbti-bkvt.org\\\/en\\\/library\\\/#primaryimage\",\"url\":\"https:\\\/\\\/www.cbti-bkvt.org\\\/wp-content\\\/uploads\\\/cbti5.jpeg\",\"contentUrl\":\"https:\\\/\\\/www.cbti-bkvt.org\\\/wp-content\\\/uploads\\\/cbti5.jpeg\",\"width\":6720,\"height\":4480},{\"@type\":\"BreadcrumbList\",\"@id\":\"https:\\\/\\\/www.cbti-bkvt.org\\\/en\\\/library\\\/#breadcrumb\",\"itemListElement\":[{\"@type\":\"ListItem\",\"position\":1,\"name\":\"Home\",\"item\":\"https:\\\/\\\/www.cbti-bkvt.org\\\/en\\\/\"},{\"@type\":\"ListItem\",\"position\":2,\"name\":\"Library\"}]},{\"@type\":\"WebSite\",\"@id\":\"https:\\\/\\\/www.cbti-bkvt.org\\\/en\\\/#website\",\"url\":\"https:\\\/\\\/www.cbti-bkvt.org\\\/en\\\/\",\"name\":\"Chambre Belge des Traducteurs et Interpr\u00e8tes | Belgische Kamer van Vertalers en Tolken\",\"description\":\"M\u00e9tiers de la traduction \u00e9crite, l\u2019interpr\u00e9tation de conf\u00e9rence, la traduction et l\u2019interpr\u00e9tation en milieu judiciaire.\",\"potentialAction\":[{\"@type\":\"SearchAction\",\"target\":{\"@type\":\"EntryPoint\",\"urlTemplate\":\"https:\\\/\\\/www.cbti-bkvt.org\\\/en\\\/?s={search_term_string}\"},\"query-input\":{\"@type\":\"PropertyValueSpecification\",\"valueRequired\":true,\"valueName\":\"search_term_string\"}}],\"inLanguage\":\"en-US\"}]}<\/script>\n<!-- \/ Yoast SEO plugin. -->","yoast_head_json":{"title":"Chambre Belge des Traducteurs et Interpr\u00e8tes | Belgische Kamer van Vertalers en Tolken","description":"Find all the documents useful for translation and interpretation professionals | the Belgian Chamber of Translators and Interpreters","robots":{"index":"index","follow":"follow","max-snippet":"max-snippet:-1","max-image-preview":"max-image-preview:large","max-video-preview":"max-video-preview:-1"},"canonical":"https:\/\/www.cbti-bkvt.org\/en\/library\/","og_locale":"en_US","og_type":"article","og_title":"Library - Chambre Belge des Traducteurs et Interpr\u00e8tes | Belgische Kamer van Vertalers en Tolken","og_description":"Find all the documents useful for translation and interpretation professionals | the Belgian Chamber of Translators and Interpreters","og_url":"https:\/\/www.cbti-bkvt.org\/en\/library\/","og_site_name":"Chambre Belge des Traducteurs et Interpr\u00e8tes | Belgische Kamer van Vertalers en Tolken","article_modified_time":"2025-06-13T11:36:59+00:00","og_image":[{"width":1024,"height":683,"url":"https:\/\/www.cbti-bkvt.org\/wp-content\/uploads\/cbti5-1024x683.jpeg","type":"image\/jpeg"}],"twitter_card":"summary_large_image","twitter_misc":{"Est. reading time":"1 minute"},"schema":{"@context":"https:\/\/schema.org","@graph":[{"@type":"WebPage","@id":"https:\/\/www.cbti-bkvt.org\/en\/library\/","url":"https:\/\/www.cbti-bkvt.org\/en\/library\/","name":"Library - Chambre Belge des Traducteurs et Interpr\u00e8tes | Belgische Kamer van Vertalers en Tolken","isPartOf":{"@id":"https:\/\/www.cbti-bkvt.org\/en\/#website"},"primaryImageOfPage":{"@id":"https:\/\/www.cbti-bkvt.org\/en\/library\/#primaryimage"},"image":{"@id":"https:\/\/www.cbti-bkvt.org\/en\/library\/#primaryimage"},"thumbnailUrl":"https:\/\/www.cbti-bkvt.org\/wp-content\/uploads\/cbti5.jpeg","datePublished":"2022-03-10T15:36:52+00:00","dateModified":"2025-06-13T11:36:59+00:00","description":"Find all the documents useful for translation and interpretation professionals | the Belgian Chamber of Translators and Interpreters","breadcrumb":{"@id":"https:\/\/www.cbti-bkvt.org\/en\/library\/#breadcrumb"},"inLanguage":"en-US","potentialAction":[{"@type":"ReadAction","target":["https:\/\/www.cbti-bkvt.org\/en\/library\/"]}]},{"@type":"ImageObject","inLanguage":"en-US","@id":"https:\/\/www.cbti-bkvt.org\/en\/library\/#primaryimage","url":"https:\/\/www.cbti-bkvt.org\/wp-content\/uploads\/cbti5.jpeg","contentUrl":"https:\/\/www.cbti-bkvt.org\/wp-content\/uploads\/cbti5.jpeg","width":6720,"height":4480},{"@type":"BreadcrumbList","@id":"https:\/\/www.cbti-bkvt.org\/en\/library\/#breadcrumb","itemListElement":[{"@type":"ListItem","position":1,"name":"Home","item":"https:\/\/www.cbti-bkvt.org\/en\/"},{"@type":"ListItem","position":2,"name":"Library"}]},{"@type":"WebSite","@id":"https:\/\/www.cbti-bkvt.org\/en\/#website","url":"https:\/\/www.cbti-bkvt.org\/en\/","name":"Chambre Belge des Traducteurs et Interpr\u00e8tes | Belgische Kamer van Vertalers en Tolken","description":"M\u00e9tiers de la traduction \u00e9crite, l\u2019interpr\u00e9tation de conf\u00e9rence, la traduction et l\u2019interpr\u00e9tation en milieu judiciaire.","potentialAction":[{"@type":"SearchAction","target":{"@type":"EntryPoint","urlTemplate":"https:\/\/www.cbti-bkvt.org\/en\/?s={search_term_string}"},"query-input":{"@type":"PropertyValueSpecification","valueRequired":true,"valueName":"search_term_string"}}],"inLanguage":"en-US"}]}},"_links":{"self":[{"href":"https:\/\/www.cbti-bkvt.org\/en\/wp-json\/wp\/v2\/pages\/23724","targetHints":{"allow":["GET"]}}],"collection":[{"href":"https:\/\/www.cbti-bkvt.org\/en\/wp-json\/wp\/v2\/pages"}],"about":[{"href":"https:\/\/www.cbti-bkvt.org\/en\/wp-json\/wp\/v2\/types\/page"}],"author":[{"embeddable":true,"href":"https:\/\/www.cbti-bkvt.org\/en\/wp-json\/wp\/v2\/users\/1"}],"replies":[{"embeddable":true,"href":"https:\/\/www.cbti-bkvt.org\/en\/wp-json\/wp\/v2\/comments?post=23724"}],"version-history":[{"count":1,"href":"https:\/\/www.cbti-bkvt.org\/en\/wp-json\/wp\/v2\/pages\/23724\/revisions"}],"predecessor-version":[{"id":33217,"href":"https:\/\/www.cbti-bkvt.org\/en\/wp-json\/wp\/v2\/pages\/23724\/revisions\/33217"}],"wp:featuredmedia":[{"embeddable":true,"href":"https:\/\/www.cbti-bkvt.org\/en\/wp-json\/wp\/v2\/media\/1021"}],"wp:attachment":[{"href":"https:\/\/www.cbti-bkvt.org\/en\/wp-json\/wp\/v2\/media?parent=23724"}],"curies":[{"name":"wp","href":"https:\/\/api.w.org\/{rel}","templated":true}]}}