{"id":20310,"date":"2022-03-10T15:36:52","date_gmt":"2022-03-10T15:36:52","guid":{"rendered":"https:\/\/www.cbti-bkvt.org\/bibliotheque\/"},"modified":"2025-06-13T11:34:20","modified_gmt":"2025-06-13T11:34:20","slug":"bibliotheek","status":"publish","type":"page","link":"https:\/\/www.cbti-bkvt.org\/nl\/bibliotheek\/","title":{"rendered":"Bibliotheek"},"content":{"rendered":"\n\n\n\n\n\n\n\n\n<div class=\"\n     \n    \n    m-flexible \n    m-flexible--pagesList \n    m-flexible--pagesList--layout--pagesList \n    m-flexible--row m-flexible--row--     \n         \n    \" id=\"js-module-\">\n\n\n\n\n\n    \n    <div class=\"m-flexible--pagesList__child\">\n        <div class=\"m-flexible--pagesList__body\">\n            <div class=\"m-flexible--pagesList__inside\">\n\n                \n            <\/div><!-- \/pagesList pagesList__inside -->\n        <\/div><!-- \/pagesList body -->\n\n\n\n\n\n        \n                \n            <div class=\"m-flexible--pagesListContainer \"> \n\n                <div class=\"m-flexible--pagesListContainer__child row m-txt--s9 justify-content-center\">\n\n\n                            \n                    \n                                                                \n\n\n    <div class=\"\n    m-flexible--pagesList__item\n    animated \n    fadeInUp \n    animate__delay-1s\n    animate__slower\n    \n    col-12 col-sm-6 col-md-6 col-lg-4    \n    \"><div class=\"m-flexible--pagesList__item__child\">\n\n        <a href=\"https:\/\/www.cbti-bkvt.org\/nl\/doccbti-type\/vertaling\/\" class=\"m-flexible--pagesList__item__link\" title=\"Vertaling\">\n        \n            <div class=\"m-flexible--pagesList__item__img\">\n                <img \n\t   \tsrc=\"https:\/\/www.cbti-bkvt.org\/wp-content\/uploads\/Page-Traduction-540x360.jpg\" \n\t\tsrcset=\"https:\/\/www.cbti-bkvt.org\/wp-content\/uploads\/Page-Traduction-540x360.jpg 540w, https:\/\/www.cbti-bkvt.org\/wp-content\/uploads\/Page-Traduction-1000x666.jpg 540w, https:\/\/www.cbti-bkvt.org\/wp-content\/uploads\/Page-Traduction-2000x1333.jpg 540w\" \n\t\tsizes=\"(max-width:540px) 540px\"  \n\t\talt=\"Page Traduction\"\n\t \/>            <\/div>\n\n            <div class=\"m-flexible--pagesList__item__content\">\n                <div class=\"m-flexible--pagesList__item__content__child\">\n\n                                            <p>Vertaling<\/p>\n                    \n                    \n                <\/div><!-- \/pagesList__item__overlay child -->\n            <\/div><!-- \/pagesList__item__overlay -->\n            \n        <\/a><!-- \/pagesList__item__link -->\n    <\/div><!-- \/pagesList__item__child -->\n<\/div><!-- \/pagesList__item -->\n\n\n    <div class=\"\n    m-flexible--pagesList__item\n    animated \n    fadeInUp \n    animate__delay-1s\n    animate__slower\n    \n    col-12 col-sm-6 col-md-6 col-lg-4    \n    \"><div class=\"m-flexible--pagesList__item__child\">\n\n        <a href=\"https:\/\/www.cbti-bkvt.org\/nl\/doccbti-type\/tolken\/\" class=\"m-flexible--pagesList__item__link\" title=\"Tolken\">\n        \n            <div class=\"m-flexible--pagesList__item__img\">\n                <img \n\t   \tsrc=\"https:\/\/www.cbti-bkvt.org\/wp-content\/uploads\/Page-Interpretation-540x360.jpg\" \n\t\tsrcset=\"https:\/\/www.cbti-bkvt.org\/wp-content\/uploads\/Page-Interpretation-540x360.jpg 540w, https:\/\/www.cbti-bkvt.org\/wp-content\/uploads\/Page-Interpretation.jpg 540w, https:\/\/www.cbti-bkvt.org\/wp-content\/uploads\/Page-Interpretation.jpg 540w\" \n\t\tsizes=\"(max-width:540px) 540px\"  \n\t\talt=\"Page Interpr\u00e9tation\"\n\t \/>            <\/div>\n\n            <div class=\"m-flexible--pagesList__item__content\">\n                <div class=\"m-flexible--pagesList__item__content__child\">\n\n                                            <p>Tolken<\/p>\n                    \n                    \n                <\/div><!-- \/pagesList__item__overlay child -->\n            <\/div><!-- \/pagesList__item__overlay -->\n            \n        <\/a><!-- \/pagesList__item__link -->\n    <\/div><!-- \/pagesList__item__child -->\n<\/div><!-- \/pagesList__item -->\n\n\n    <div class=\"\n    m-flexible--pagesList__item\n    animated \n    fadeInUp \n    animate__delay-1s\n    animate__slower\n    \n    col-12 col-sm-6 col-md-6 col-lg-4    \n    \"><div class=\"m-flexible--pagesList__item__child\">\n\n        <a href=\"https:\/\/www.cbti-bkvt.org\/nl\/doccbti-type\/beedigde-vertaling-tolken\/\" class=\"m-flexible--pagesList__item__link\" title=\"Be\u00ebdigde vertaling\/tolken\">\n        \n            <div class=\"m-flexible--pagesList__item__img\">\n                <img \n\t   \tsrc=\"https:\/\/www.cbti-bkvt.org\/wp-content\/uploads\/tingey-injury-law-firm-DZpc4UY8ZtY-unsplash-540x360.jpg\" \n\t\tsrcset=\"https:\/\/www.cbti-bkvt.org\/wp-content\/uploads\/tingey-injury-law-firm-DZpc4UY8ZtY-unsplash-540x360.jpg 540w, https:\/\/www.cbti-bkvt.org\/wp-content\/uploads\/tingey-injury-law-firm-DZpc4UY8ZtY-unsplash-1000x666.jpg 540w, https:\/\/www.cbti-bkvt.org\/wp-content\/uploads\/tingey-injury-law-firm-DZpc4UY8ZtY-unsplash-2000x1333.jpg 540w\" \n\t\tsizes=\"(max-width:540px) 540px\"  \n\t\talt=\"tingey-injury-law-firm-DZpc4UY8ZtY-unsplash\"\n\t \/>            <\/div>\n\n            <div class=\"m-flexible--pagesList__item__content\">\n                <div class=\"m-flexible--pagesList__item__content__child\">\n\n                                            <p>Be\u00ebdigde vertaling\/tolken<\/p>\n                    \n                    \n                <\/div><!-- \/pagesList__item__overlay child -->\n            <\/div><!-- \/pagesList__item__overlay -->\n            \n        <\/a><!-- \/pagesList__item__link -->\n    <\/div><!-- \/pagesList__item__child -->\n<\/div><!-- \/pagesList__item -->\n\n\n    <div class=\"\n    m-flexible--pagesList__item\n    animated \n    fadeInUp \n    animate__delay-1s\n    animate__slower\n    \n    col-12 col-sm-6 col-md-6 col-lg-4    \n    \"><div class=\"m-flexible--pagesList__item__child\">\n\n        <a href=\"https:\/\/www.cbti-bkvt.org\/nl\/doccbti-type\/groups-io-nl\/\" class=\"m-flexible--pagesList__item__link\" title=\"Groups.IO\">\n        \n            <div class=\"m-flexible--pagesList__item__img\">\n                <img \n\t   \tsrc=\"https:\/\/www.cbti-bkvt.org\/wp-content\/uploads\/volodymyr-hryshchenko-V5vqWC9gyEU-unsplash-540x360.jpg\" \n\t\tsrcset=\"https:\/\/www.cbti-bkvt.org\/wp-content\/uploads\/volodymyr-hryshchenko-V5vqWC9gyEU-unsplash-540x360.jpg 540w, https:\/\/www.cbti-bkvt.org\/wp-content\/uploads\/volodymyr-hryshchenko-V5vqWC9gyEU-unsplash-1000x666.jpg 540w, https:\/\/www.cbti-bkvt.org\/wp-content\/uploads\/volodymyr-hryshchenko-V5vqWC9gyEU-unsplash-2000x1333.jpg 540w\" \n\t\tsizes=\"(max-width:540px) 540px\"  \n\t\talt=\"volodymyr-hryshchenko-V5vqWC9gyEU-unsplash\"\n\t \/>            <\/div>\n\n            <div class=\"m-flexible--pagesList__item__content\">\n                <div class=\"m-flexible--pagesList__item__content__child\">\n\n                                            <p>Groups.IO<\/p>\n                    \n                    \n                <\/div><!-- \/pagesList__item__overlay child -->\n            <\/div><!-- \/pagesList__item__overlay -->\n            \n        <\/a><!-- \/pagesList__item__link -->\n    <\/div><!-- \/pagesList__item__child -->\n<\/div><!-- \/pagesList__item -->\n\n\n    <div class=\"\n    m-flexible--pagesList__item\n    animated \n    fadeInUp \n    animate__delay-1s\n    animate__slower\n    \n    col-12 col-sm-6 col-md-6 col-lg-4    \n    \"><div class=\"m-flexible--pagesList__item__child\">\n\n        <a href=\"https:\/\/www.cbti-bkvt.org\/nl\/doccbti-type\/publicaties\/\" class=\"m-flexible--pagesList__item__link\" title=\"Publicaties\">\n        \n            <div class=\"m-flexible--pagesList__item__img\">\n                <img \n\t   \tsrc=\"https:\/\/www.cbti-bkvt.org\/wp-content\/uploads\/4_Publications-540x360.jpg\" \n\t\tsrcset=\"https:\/\/www.cbti-bkvt.org\/wp-content\/uploads\/4_Publications-540x360.jpg 540w, https:\/\/www.cbti-bkvt.org\/wp-content\/uploads\/4_Publications-1000x666.jpg 540w, https:\/\/www.cbti-bkvt.org\/wp-content\/uploads\/4_Publications-2000x1333.jpg 540w\" \n\t\tsizes=\"(max-width:540px) 540px\"  \n\t\talt=\"4_Publications\"\n\t \/>            <\/div>\n\n            <div class=\"m-flexible--pagesList__item__content\">\n                <div class=\"m-flexible--pagesList__item__content__child\">\n\n                                            <p>Publicaties<\/p>\n                    \n                    \n                <\/div><!-- \/pagesList__item__overlay child -->\n            <\/div><!-- \/pagesList__item__overlay -->\n            \n        <\/a><!-- \/pagesList__item__link -->\n    <\/div><!-- \/pagesList__item__child -->\n<\/div><!-- \/pagesList__item -->\n\n\n    <div class=\"\n    m-flexible--pagesList__item\n    animated \n    fadeInUp \n    animate__delay-1s\n    animate__slower\n    \n    col-12 col-sm-6 col-md-6 col-lg-4    \n    \"><div class=\"m-flexible--pagesList__item__child\">\n\n        <a href=\"https:\/\/www.cbti-bkvt.org\/nl\/doccbti-type\/juridisch\/\" class=\"m-flexible--pagesList__item__link\" title=\"Juridisch\">\n        \n            <div class=\"m-flexible--pagesList__item__img\">\n                <img \n\t   \tsrc=\"https:\/\/www.cbti-bkvt.org\/wp-content\/uploads\/wesley-tingey-TdNLjGXVH3s-unsplash-540x360.jpg\" \n\t\tsrcset=\"https:\/\/www.cbti-bkvt.org\/wp-content\/uploads\/wesley-tingey-TdNLjGXVH3s-unsplash-540x360.jpg 540w, https:\/\/www.cbti-bkvt.org\/wp-content\/uploads\/wesley-tingey-TdNLjGXVH3s-unsplash-1000x666.jpg 540w, https:\/\/www.cbti-bkvt.org\/wp-content\/uploads\/wesley-tingey-TdNLjGXVH3s-unsplash-2000x1333.jpg 540w\" \n\t\tsizes=\"(max-width:540px) 540px\"  \n\t\talt=\"wesley-tingey-TdNLjGXVH3s-unsplash\"\n\t \/>            <\/div>\n\n            <div class=\"m-flexible--pagesList__item__content\">\n                <div class=\"m-flexible--pagesList__item__content__child\">\n\n                                            <p>Juridisch<\/p>\n                    \n                    \n                <\/div><!-- \/pagesList__item__overlay child -->\n            <\/div><!-- \/pagesList__item__overlay -->\n            \n        <\/a><!-- \/pagesList__item__link -->\n    <\/div><!-- \/pagesList__item__child -->\n<\/div><!-- \/pagesList__item -->\n\n\n    <div class=\"\n    m-flexible--pagesList__item\n    animated \n    fadeInUp \n    animate__delay-1s\n    animate__slower\n    \n    col-12 col-sm-6 col-md-6 col-lg-4    \n    \"><div class=\"m-flexible--pagesList__item__child\">\n\n        <a href=\"https:\/\/www.cbti-bkvt.org\/nl\/doccbti-type\/verzekeringen\/\" class=\"m-flexible--pagesList__item__link\" title=\"Verzekeringen\">\n        \n            <div class=\"m-flexible--pagesList__item__img\">\n                <img \n\t   \tsrc=\"https:\/\/www.cbti-bkvt.org\/wp-content\/uploads\/6_Assurance-540x360.jpg\" \n\t\tsrcset=\"https:\/\/www.cbti-bkvt.org\/wp-content\/uploads\/6_Assurance-540x360.jpg 540w, https:\/\/www.cbti-bkvt.org\/wp-content\/uploads\/6_Assurance-1000x666.jpg 540w, https:\/\/www.cbti-bkvt.org\/wp-content\/uploads\/6_Assurance-2000x1333.jpg 540w\" \n\t\tsizes=\"(max-width:540px) 540px\"  \n\t\talt=\"6_Assurance\"\n\t \/>            <\/div>\n\n            <div class=\"m-flexible--pagesList__item__content\">\n                <div class=\"m-flexible--pagesList__item__content__child\">\n\n                                            <p>Verzekeringen<\/p>\n                    \n                    \n                <\/div><!-- \/pagesList__item__overlay child -->\n            <\/div><!-- \/pagesList__item__overlay -->\n            \n        <\/a><!-- \/pagesList__item__link -->\n    <\/div><!-- \/pagesList__item__child -->\n<\/div><!-- \/pagesList__item -->\n\n\n    <div class=\"\n    m-flexible--pagesList__item\n    animated \n    fadeInUp \n    animate__delay-1s\n    animate__slower\n    \n    col-12 col-sm-6 col-md-6 col-lg-4    \n    \"><div class=\"m-flexible--pagesList__item__child\">\n\n        <a href=\"https:\/\/www.cbti-bkvt.org\/nl\/doccbti-type\/bekroonde-masterproeven\/\" class=\"m-flexible--pagesList__item__link\" title=\"Bekroonde masterproeven\">\n        \n            <div class=\"m-flexible--pagesList__item__img\">\n                <img \n\t   \tsrc=\"https:\/\/www.cbti-bkvt.org\/wp-content\/uploads\/Memoires-primes-540x360.jpg\" \n\t\tsrcset=\"https:\/\/www.cbti-bkvt.org\/wp-content\/uploads\/Memoires-primes-540x360.jpg 540w, https:\/\/www.cbti-bkvt.org\/wp-content\/uploads\/Memoires-primes-1000x666.jpg 540w, https:\/\/www.cbti-bkvt.org\/wp-content\/uploads\/Memoires-primes-2000x1333.jpg 540w\" \n\t\tsizes=\"(max-width:540px) 540px\"  \n\t\talt=\"M\u00e9moires prim\u00e9s\"\n\t \/>            <\/div>\n\n            <div class=\"m-flexible--pagesList__item__content\">\n                <div class=\"m-flexible--pagesList__item__content__child\">\n\n                                            <p>Bekroonde masterproeven<\/p>\n                    \n                    \n                <\/div><!-- \/pagesList__item__overlay child -->\n            <\/div><!-- \/pagesList__item__overlay -->\n            \n        <\/a><!-- \/pagesList__item__link -->\n    <\/div><!-- \/pagesList__item__child -->\n<\/div><!-- \/pagesList__item -->\n\n\n    <div class=\"\n    m-flexible--pagesList__item\n    animated \n    fadeInUp \n    animate__delay-1s\n    animate__slower\n    \n    col-12 col-sm-6 col-md-6 col-lg-4    \n    \"><div class=\"m-flexible--pagesList__item__child\">\n\n        <a href=\"https:\/\/www.cbti-bkvt.org\/nl\/doccbti-type\/administratie\/\" class=\"m-flexible--pagesList__item__link\" title=\"Administratie\">\n        \n            <div class=\"m-flexible--pagesList__item__img\">\n                <img \n\t   \tsrc=\"https:\/\/www.cbti-bkvt.org\/wp-content\/uploads\/8_Admin-540x360.jpg\" \n\t\tsrcset=\"https:\/\/www.cbti-bkvt.org\/wp-content\/uploads\/8_Admin-540x360.jpg 540w, https:\/\/www.cbti-bkvt.org\/wp-content\/uploads\/8_Admin-1000x666.jpg 540w, https:\/\/www.cbti-bkvt.org\/wp-content\/uploads\/8_Admin-2000x1333.jpg 540w\" \n\t\tsizes=\"(max-width:540px) 540px\"  \n\t\talt=\"8_Admin\"\n\t \/>            <\/div>\n\n            <div class=\"m-flexible--pagesList__item__content\">\n                <div class=\"m-flexible--pagesList__item__content__child\">\n\n                                            <p>Administratie<\/p>\n                    \n                    \n                <\/div><!-- \/pagesList__item__overlay child -->\n            <\/div><!-- \/pagesList__item__overlay -->\n            \n        <\/a><!-- \/pagesList__item__link -->\n    <\/div><!-- \/pagesList__item__child -->\n<\/div><!-- \/pagesList__item -->                                 \n\n                <\/div><!-- \/pagesListContainer child -->\n\n            <\/div><!-- \/pagesListContainer -->\n\n                \n\n\n\n                \n\n    <\/div><!-- pagesList child -->\n\n<\/div><!-- \/pagesList -->\n\n\n\n<p><\/p>\n","protected":false},"excerpt":{"rendered":"","protected":false},"author":1,"featured_media":1020,"parent":0,"menu_order":5,"comment_status":"closed","ping_status":"closed","template":"page-document.php","meta":{"_acf_changed":false,"pmpro_default_level":"","neve_meta_sidebar":"","neve_meta_container":"","neve_meta_enable_content_width":"","neve_meta_content_width":0,"neve_meta_title_alignment":"","neve_meta_author_avatar":"","neve_post_elements_order":"","neve_meta_disable_header":"","neve_meta_disable_footer":"","neve_meta_disable_title":"","neve_meta_reading_time":"","footnotes":"","_links_to":"","_links_to_target":""},"class_list":["post-20310","page","type-page","status-publish","has-post-thumbnail","hentry","pmpro-has-access"],"acf":[],"yoast_head":"<!-- This site is optimized with the Yoast SEO plugin v27.4 - https:\/\/yoast.com\/product\/yoast-seo-wordpress\/ -->\n<title>Chambre Belge des Traducteurs et Interpr\u00e8tes | Belgische Kamer van Vertalers en Tolken<\/title>\n<meta name=\"description\" content=\"Ontdek handige documenten voor vertalers en tolken, samengesteld door de Belgische Kamer van Vertalers en Tolken.\" \/>\n<meta name=\"robots\" content=\"index, follow, max-snippet:-1, max-image-preview:large, max-video-preview:-1\" \/>\n<link rel=\"canonical\" href=\"https:\/\/www.cbti-bkvt.org\/nl\/bibliotheek\/\" \/>\n<meta property=\"og:locale\" content=\"nl_NL\" \/>\n<meta property=\"og:type\" content=\"article\" \/>\n<meta property=\"og:title\" content=\"Bibliotheek - Chambre Belge des Traducteurs et Interpr\u00e8tes | Belgische Kamer van Vertalers en Tolken\" \/>\n<meta property=\"og:description\" content=\"Ontdek handige documenten voor vertalers en tolken, samengesteld door de Belgische Kamer van Vertalers en Tolken.\" \/>\n<meta property=\"og:url\" content=\"https:\/\/www.cbti-bkvt.org\/nl\/bibliotheek\/\" \/>\n<meta property=\"og:site_name\" content=\"Chambre Belge des Traducteurs et Interpr\u00e8tes | Belgische Kamer van Vertalers en Tolken\" \/>\n<meta property=\"article:modified_time\" content=\"2025-06-13T11:34:20+00:00\" \/>\n<meta property=\"og:image\" content=\"https:\/\/www.cbti-bkvt.org\/wp-content\/uploads\/cbti5-1024x683.jpeg\" \/>\n\t<meta property=\"og:image:width\" content=\"1024\" \/>\n\t<meta property=\"og:image:height\" content=\"683\" \/>\n\t<meta property=\"og:image:type\" content=\"image\/jpeg\" \/>\n<meta name=\"twitter:card\" content=\"summary_large_image\" \/>\n<meta name=\"twitter:label1\" content=\"Est. reading time\" \/>\n\t<meta name=\"twitter:data1\" content=\"1 minute\" \/>\n<script type=\"application\/ld+json\" class=\"yoast-schema-graph\">{\"@context\":\"https:\\\/\\\/schema.org\",\"@graph\":[{\"@type\":\"WebPage\",\"@id\":\"https:\\\/\\\/www.cbti-bkvt.org\\\/nl\\\/bibliotheek\\\/\",\"url\":\"https:\\\/\\\/www.cbti-bkvt.org\\\/nl\\\/bibliotheek\\\/\",\"name\":\"Bibliotheek - Chambre Belge des Traducteurs et Interpr\u00e8tes | Belgische Kamer van Vertalers en Tolken\",\"isPartOf\":{\"@id\":\"https:\\\/\\\/www.cbti-bkvt.org\\\/nl\\\/#website\"},\"primaryImageOfPage\":{\"@id\":\"https:\\\/\\\/www.cbti-bkvt.org\\\/nl\\\/bibliotheek\\\/#primaryimage\"},\"image\":{\"@id\":\"https:\\\/\\\/www.cbti-bkvt.org\\\/nl\\\/bibliotheek\\\/#primaryimage\"},\"thumbnailUrl\":\"https:\\\/\\\/www.cbti-bkvt.org\\\/wp-content\\\/uploads\\\/cbti5.jpeg\",\"datePublished\":\"2022-03-10T15:36:52+00:00\",\"dateModified\":\"2025-06-13T11:34:20+00:00\",\"description\":\"Ontdek handige documenten voor vertalers en tolken, samengesteld door de Belgische Kamer van Vertalers en Tolken.\",\"breadcrumb\":{\"@id\":\"https:\\\/\\\/www.cbti-bkvt.org\\\/nl\\\/bibliotheek\\\/#breadcrumb\"},\"inLanguage\":\"nl-NL\",\"potentialAction\":[{\"@type\":\"ReadAction\",\"target\":[\"https:\\\/\\\/www.cbti-bkvt.org\\\/nl\\\/bibliotheek\\\/\"]}]},{\"@type\":\"ImageObject\",\"inLanguage\":\"nl-NL\",\"@id\":\"https:\\\/\\\/www.cbti-bkvt.org\\\/nl\\\/bibliotheek\\\/#primaryimage\",\"url\":\"https:\\\/\\\/www.cbti-bkvt.org\\\/wp-content\\\/uploads\\\/cbti5.jpeg\",\"contentUrl\":\"https:\\\/\\\/www.cbti-bkvt.org\\\/wp-content\\\/uploads\\\/cbti5.jpeg\",\"width\":6720,\"height\":4480},{\"@type\":\"BreadcrumbList\",\"@id\":\"https:\\\/\\\/www.cbti-bkvt.org\\\/nl\\\/bibliotheek\\\/#breadcrumb\",\"itemListElement\":[{\"@type\":\"ListItem\",\"position\":1,\"name\":\"Home\",\"item\":\"https:\\\/\\\/www.cbti-bkvt.org\\\/nl\\\/\"},{\"@type\":\"ListItem\",\"position\":2,\"name\":\"Bibliotheek\"}]},{\"@type\":\"WebSite\",\"@id\":\"https:\\\/\\\/www.cbti-bkvt.org\\\/nl\\\/#website\",\"url\":\"https:\\\/\\\/www.cbti-bkvt.org\\\/nl\\\/\",\"name\":\"Chambre Belge des Traducteurs et Interpr\u00e8tes | Belgische Kamer van Vertalers en Tolken\",\"description\":\"M\u00e9tiers de la traduction \u00e9crite, l\u2019interpr\u00e9tation de conf\u00e9rence, la traduction et l\u2019interpr\u00e9tation en milieu judiciaire.\",\"potentialAction\":[{\"@type\":\"SearchAction\",\"target\":{\"@type\":\"EntryPoint\",\"urlTemplate\":\"https:\\\/\\\/www.cbti-bkvt.org\\\/nl\\\/?s={search_term_string}\"},\"query-input\":{\"@type\":\"PropertyValueSpecification\",\"valueRequired\":true,\"valueName\":\"search_term_string\"}}],\"inLanguage\":\"nl-NL\"}]}<\/script>\n<!-- \/ Yoast SEO plugin. -->","yoast_head_json":{"title":"Chambre Belge des Traducteurs et Interpr\u00e8tes | Belgische Kamer van Vertalers en Tolken","description":"Ontdek handige documenten voor vertalers en tolken, samengesteld door de Belgische Kamer van Vertalers en Tolken.","robots":{"index":"index","follow":"follow","max-snippet":"max-snippet:-1","max-image-preview":"max-image-preview:large","max-video-preview":"max-video-preview:-1"},"canonical":"https:\/\/www.cbti-bkvt.org\/nl\/bibliotheek\/","og_locale":"nl_NL","og_type":"article","og_title":"Bibliotheek - Chambre Belge des Traducteurs et Interpr\u00e8tes | Belgische Kamer van Vertalers en Tolken","og_description":"Ontdek handige documenten voor vertalers en tolken, samengesteld door de Belgische Kamer van Vertalers en Tolken.","og_url":"https:\/\/www.cbti-bkvt.org\/nl\/bibliotheek\/","og_site_name":"Chambre Belge des Traducteurs et Interpr\u00e8tes | Belgische Kamer van Vertalers en Tolken","article_modified_time":"2025-06-13T11:34:20+00:00","og_image":[{"width":1024,"height":683,"url":"https:\/\/www.cbti-bkvt.org\/wp-content\/uploads\/cbti5-1024x683.jpeg","type":"image\/jpeg"}],"twitter_card":"summary_large_image","twitter_misc":{"Est. reading time":"1 minute"},"schema":{"@context":"https:\/\/schema.org","@graph":[{"@type":"WebPage","@id":"https:\/\/www.cbti-bkvt.org\/nl\/bibliotheek\/","url":"https:\/\/www.cbti-bkvt.org\/nl\/bibliotheek\/","name":"Bibliotheek - Chambre Belge des Traducteurs et Interpr\u00e8tes | Belgische Kamer van Vertalers en Tolken","isPartOf":{"@id":"https:\/\/www.cbti-bkvt.org\/nl\/#website"},"primaryImageOfPage":{"@id":"https:\/\/www.cbti-bkvt.org\/nl\/bibliotheek\/#primaryimage"},"image":{"@id":"https:\/\/www.cbti-bkvt.org\/nl\/bibliotheek\/#primaryimage"},"thumbnailUrl":"https:\/\/www.cbti-bkvt.org\/wp-content\/uploads\/cbti5.jpeg","datePublished":"2022-03-10T15:36:52+00:00","dateModified":"2025-06-13T11:34:20+00:00","description":"Ontdek handige documenten voor vertalers en tolken, samengesteld door de Belgische Kamer van Vertalers en Tolken.","breadcrumb":{"@id":"https:\/\/www.cbti-bkvt.org\/nl\/bibliotheek\/#breadcrumb"},"inLanguage":"nl-NL","potentialAction":[{"@type":"ReadAction","target":["https:\/\/www.cbti-bkvt.org\/nl\/bibliotheek\/"]}]},{"@type":"ImageObject","inLanguage":"nl-NL","@id":"https:\/\/www.cbti-bkvt.org\/nl\/bibliotheek\/#primaryimage","url":"https:\/\/www.cbti-bkvt.org\/wp-content\/uploads\/cbti5.jpeg","contentUrl":"https:\/\/www.cbti-bkvt.org\/wp-content\/uploads\/cbti5.jpeg","width":6720,"height":4480},{"@type":"BreadcrumbList","@id":"https:\/\/www.cbti-bkvt.org\/nl\/bibliotheek\/#breadcrumb","itemListElement":[{"@type":"ListItem","position":1,"name":"Home","item":"https:\/\/www.cbti-bkvt.org\/nl\/"},{"@type":"ListItem","position":2,"name":"Bibliotheek"}]},{"@type":"WebSite","@id":"https:\/\/www.cbti-bkvt.org\/nl\/#website","url":"https:\/\/www.cbti-bkvt.org\/nl\/","name":"Chambre Belge des Traducteurs et Interpr\u00e8tes | Belgische Kamer van Vertalers en Tolken","description":"M\u00e9tiers de la traduction \u00e9crite, l\u2019interpr\u00e9tation de conf\u00e9rence, la traduction et l\u2019interpr\u00e9tation en milieu judiciaire.","potentialAction":[{"@type":"SearchAction","target":{"@type":"EntryPoint","urlTemplate":"https:\/\/www.cbti-bkvt.org\/nl\/?s={search_term_string}"},"query-input":{"@type":"PropertyValueSpecification","valueRequired":true,"valueName":"search_term_string"}}],"inLanguage":"nl-NL"}]}},"_links":{"self":[{"href":"https:\/\/www.cbti-bkvt.org\/nl\/wp-json\/wp\/v2\/pages\/20310","targetHints":{"allow":["GET"]}}],"collection":[{"href":"https:\/\/www.cbti-bkvt.org\/nl\/wp-json\/wp\/v2\/pages"}],"about":[{"href":"https:\/\/www.cbti-bkvt.org\/nl\/wp-json\/wp\/v2\/types\/page"}],"author":[{"embeddable":true,"href":"https:\/\/www.cbti-bkvt.org\/nl\/wp-json\/wp\/v2\/users\/1"}],"replies":[{"embeddable":true,"href":"https:\/\/www.cbti-bkvt.org\/nl\/wp-json\/wp\/v2\/comments?post=20310"}],"version-history":[{"count":1,"href":"https:\/\/www.cbti-bkvt.org\/nl\/wp-json\/wp\/v2\/pages\/20310\/revisions"}],"predecessor-version":[{"id":33215,"href":"https:\/\/www.cbti-bkvt.org\/nl\/wp-json\/wp\/v2\/pages\/20310\/revisions\/33215"}],"wp:featuredmedia":[{"embeddable":true,"href":"https:\/\/www.cbti-bkvt.org\/nl\/wp-json\/wp\/v2\/media\/1020"}],"wp:attachment":[{"href":"https:\/\/www.cbti-bkvt.org\/nl\/wp-json\/wp\/v2\/media?parent=20310"}],"curies":[{"name":"wp","href":"https:\/\/api.w.org\/{rel}","templated":true}]}}