{"id":20327,"date":"2022-12-08T13:25:40","date_gmt":"2022-12-08T13:25:40","guid":{"rendered":"https:\/\/www.cbti-bkvt.org\/niveaux-dadhesion\/"},"modified":"2025-04-23T07:38:14","modified_gmt":"2025-04-23T07:38:14","slug":"lidmaatschapsniveaus","status":"publish","type":"page","link":"https:\/\/www.cbti-bkvt.org\/nl\/lid-worden-van-de-bkvt\/lidmaatschapsniveaus\/","title":{"rendered":"Lidmaatschapsniveaus"},"content":{"rendered":"\n<div class=\"wp-block-columns levelsMembers__choice is-layout-flex wp-container-core-columns-is-layout-9d6595d7 wp-block-columns-is-layout-flex\">\n<div class=\"wp-block-column is-layout-flow wp-block-column-is-layout-flow\">\n<h2 class=\"wp-block-heading has-text-align-left\"><span class=\"ez-toc-section\" id=\"Student-lid\"><\/span>Student-lid<span class=\"ez-toc-section-end\"><\/span><\/h2>\n\n\n\n<p class=\"has-text-align-left\"><strong>Studenten in hun laatste masterjaar (gratis)<\/strong><br>Gratis na goedkeuring van je bewijsstukken en je dossier.<\/p>\n\n\n\n<div class=\"wp-block-buttons is-content-justification-left is-layout-flex wp-container-core-buttons-is-layout-fdcfc74e wp-block-buttons-is-layout-flex\">\n<div class=\"wp-block-button is-style-primary\"><a class=\"wp-block-button__link wp-element-button\" href=\"https:\/\/www.cbti-bkvt.org\/nl\/sdm_downloads\/nl-formulier-aanvraag-tot-lidmaatschap\/\" target=\"_blank\" rel=\"noreferrer noopener\">Ja, ik wil lid worden<\/a><\/div>\n<\/div>\n\n\n\n<div style=\"height:40px\" aria-hidden=\"true\" class=\"wp-block-spacer\"><\/div>\n<\/div>\n\n\n\n<div class=\"wp-block-column is-layout-flow wp-block-column-is-layout-flow\">\n<h2 class=\"wp-block-heading\"><span class=\"ez-toc-section\" id=\"Toegetreden_lid\"><\/span>Toegetreden lid<span class=\"ez-toc-section-end\"><\/span><\/h2>\n\n\n\n<p><strong>Alle taalprofessionals<\/strong><br>\u20ac 30 dossierkosten en \u20ac 80 voor het 1ste&nbsp;jaar, vervolgens \u20ac 110 per jaar.<\/p>\n\n\n\n<div class=\"wp-block-buttons is-content-justification-left is-layout-flex wp-container-core-buttons-is-layout-fdcfc74e wp-block-buttons-is-layout-flex\">\n<div class=\"wp-block-button is-style-primary\"><a class=\"wp-block-button__link wp-element-button\" href=\"https:\/\/www.cbti-bkvt.org\/nl\/sdm_downloads\/nl-formulier-aanvraag-tot-lidmaatschap\/\" target=\"_blank\" rel=\"noreferrer noopener\">Ja, ik wil lid worden<\/a><\/div>\n<\/div>\n\n\n\n<div style=\"height:40px\" aria-hidden=\"true\" class=\"wp-block-spacer\"><\/div>\n<\/div>\n\n\n\n<div class=\"wp-block-column is-layout-flow wp-block-column-is-layout-flow\">\n<h2 class=\"wp-block-heading has-text-align-left\"><span class=\"ez-toc-section\" id=\"Effectief_lid\"><\/span>Effectief lid<span class=\"ez-toc-section-end\"><\/span><\/h2>\n\n\n\n<p class=\"has-text-align-left\"><strong>Net afgestudeerde of ervaren taalprofessionals<\/strong><br>\u20ac 30 dossierkosten en \u20ac 190 voor het 1ste&nbsp;jaar, vervolgens \u20ac 220 per jaar.<\/p>\n\n\n\n<div class=\"wp-block-buttons is-content-justification-left is-layout-flex wp-container-core-buttons-is-layout-fdcfc74e wp-block-buttons-is-layout-flex\">\n<div class=\"wp-block-button is-style-primary\"><a class=\"wp-block-button__link wp-element-button\" href=\"https:\/\/www.cbti-bkvt.org\/nl\/sdm_downloads\/nl-formulier-aanvraag-tot-lidmaatschap\/\" target=\"_blank\" rel=\"noreferrer noopener\">Ja, ik wil lid worden<\/a><\/div>\n<\/div>\n<\/div>\n<\/div>\n\n\n\n<hr class=\"wp-block-separator has-text-color has-nv-c-2-color has-alpha-channel-opacity has-nv-c-2-background-color has-background is-style-wide\"\/>\n\n\n\n<div class=\"wp-block-columns levelsMembers__features is-layout-flex wp-container-core-columns-is-layout-9d6595d7 wp-block-columns-is-layout-flex\">\n<div class=\"wp-block-column is-layout-flow wp-block-column-is-layout-flow\" style=\"flex-basis:45%\">\n<div style=\"height:40px\" aria-hidden=\"true\" class=\"wp-block-spacer\"><\/div>\n\n\n\n<h2 class=\"wp-block-heading\"><span class=\"ez-toc-section\" id=\"Voordelen_voor_studenten_en_toegetreden_leden\"><\/span>Voordelen voor studenten en toegetreden leden<span class=\"ez-toc-section-end\"><\/span><\/h2>\n\n\n\n<ul class=\"wp-block-list\">\n<li>Aanmaak van een e-mailadres @translators.be<\/li>\n\n\n\n<li>Ledenprijs voor professionele nascholingen van de BKVT<\/li>\n\n\n\n<li>Ledenprijs voor professionele nascholingen van de 72 nationale verenigingen, aangesloten bij de FIT<\/li>\n\n\n\n<li>Ledenprijs voor evenementen georganiseerd door de BKVT of door verenigingen van de FIT<\/li>\n\n\n\n<li>Verminderde prijzen bij onze partners<\/li>\n\n\n\n<li>Toegang tot het communicatieplatform<\/li>\n\n\n\n<li>Mentorschapsprogramma voor beginnende zelfstandigen<\/li>\n\n\n\n<li>Toegang tot de sociale en taalkundige netwerken van de BKVT<\/li>\n\n\n\n<li>Recht op deelname aan en om verkozen te worden voor de sectorcommissies<\/li>\n\n\n\n<li>Toegang tot de bibliotheek en tot documenten bestemd voor leden<\/li>\n\n\n\n<li>Recht om deel te nemen aan de Algemene vergadering (AV)<\/li>\n\n\n\n<li>Mogelijkheid om de Raad van toezicht in te schakelen bij geschillen tussen leden<\/li>\n<\/ul>\n<\/div>\n\n\n\n<div class=\"wp-block-column is-layout-flow wp-block-column-is-layout-flow\" style=\"flex-basis:45%\">\n<div style=\"height:40px\" aria-hidden=\"true\" class=\"wp-block-spacer\"><\/div>\n\n\n\n<h2 class=\"wp-block-heading\"><span class=\"ez-toc-section\" id=\"Voordelen_voor_effectieve_leden\"><\/span>Voordelen voor effectieve leden<span class=\"ez-toc-section-end\"><\/span><\/h2>\n\n\n\n<p><strong>De voordelen voor de toegetreden leden, met daarbovenop:<\/strong><\/p>\n\n\n\n<ul class=\"wp-block-list\">\n<li>Stemrecht op de AV<\/li>\n\n\n\n<li>Recht om zich kandidaat te stellen als lid van het Bestuursorgaan<\/li>\n\n\n\n<li>Mogelijkheid om de Arbitragecommissie in te schakelen bij een geschil met een klant<\/li>\n\n\n\n<li>Toegang tot de rubriek \u2018Job offers\u2019 op het elektronisch communicatieplatform<\/li>\n\n\n\n<li>Recht om opgenomen te worden in de openbare ledenlijst<\/li>\n\n\n\n<li>Recht om zich in te schrijven op professionele verzekeringen aan groepsprijzen<\/li>\n\n\n\n<li>Gratis toegang tot eerstelijns juridische hulp<\/li>\n<\/ul>\n<\/div>\n<\/div>\n","protected":false},"excerpt":{"rendered":"<p>Student-lid Studenten in hun laatste masterjaar (gratis)Gratis na goedkeuring van je bewijsstukken en je dossier. Toegetreden lid Alle taalprofessionals\u20ac 30 dossierkosten en \u20ac 80 voor het 1ste&nbsp;jaar, vervolgens \u20ac 110 per jaar. Effectief lid Net afgestudeerde of ervaren taalprofessionals\u20ac 30 dossierkosten en \u20ac 190 voor het 1ste&nbsp;jaar, vervolgens \u20ac 220 per jaar. Voordelen voor studenten&hellip;&nbsp;<a href=\"https:\/\/www.cbti-bkvt.org\/nl\/lid-worden-van-de-bkvt\/lidmaatschapsniveaus\/\" rel=\"bookmark\">Read More &raquo;<span class=\"screen-reader-text\">Lidmaatschapsniveaus<\/span><\/a><\/p>\n","protected":false},"author":1,"featured_media":0,"parent":20349,"menu_order":0,"comment_status":"closed","ping_status":"closed","template":"page-noSplashNoSidebar.php","meta":{"_acf_changed":false,"pmpro_default_level":"","neve_meta_sidebar":"","neve_meta_container":"","neve_meta_enable_content_width":"","neve_meta_content_width":0,"neve_meta_title_alignment":"","neve_meta_author_avatar":"","neve_post_elements_order":"","neve_meta_disable_header":"","neve_meta_disable_footer":"","neve_meta_disable_title":"","neve_meta_reading_time":"","footnotes":"","_links_to":"","_links_to_target":""},"class_list":["post-20327","page","type-page","status-publish","hentry","pmpro-has-access"],"acf":[],"yoast_head":"<!-- This site is optimized with the Yoast SEO plugin v27.5 - https:\/\/yoast.com\/product\/yoast-seo-wordpress\/ -->\n<title>Chambre Belge des Traducteurs et Interpr\u00e8tes | Belgische Kamer van Vertalers en Tolken<\/title>\n<meta name=\"robots\" content=\"index, follow, max-snippet:-1, max-image-preview:large, max-video-preview:-1\" \/>\n<link rel=\"canonical\" href=\"https:\/\/www.cbti-bkvt.org\/nl\/lid-worden-van-de-bkvt\/lidmaatschapsniveaus\/\" \/>\n<meta property=\"og:locale\" content=\"nl_NL\" \/>\n<meta property=\"og:type\" content=\"article\" \/>\n<meta property=\"og:title\" content=\"Lidmaatschapsniveaus - Chambre Belge des Traducteurs et Interpr\u00e8tes | Belgische Kamer van Vertalers en Tolken\" \/>\n<meta property=\"og:description\" content=\"Student-lid Studenten in hun laatste masterjaar (gratis)Gratis na goedkeuring van je bewijsstukken en je dossier. Toegetreden lid Alle taalprofessionals\u20ac 30 dossierkosten en \u20ac 80 voor het 1ste&nbsp;jaar, vervolgens \u20ac 110 per jaar. Effectief lid Net afgestudeerde of ervaren taalprofessionals\u20ac 30 dossierkosten en \u20ac 190 voor het 1ste&nbsp;jaar, vervolgens \u20ac 220 per jaar. Voordelen voor studenten&hellip;&nbsp;Read More &raquo;Lidmaatschapsniveaus\" \/>\n<meta property=\"og:url\" content=\"https:\/\/www.cbti-bkvt.org\/nl\/lid-worden-van-de-bkvt\/lidmaatschapsniveaus\/\" \/>\n<meta property=\"og:site_name\" content=\"Chambre Belge des Traducteurs et Interpr\u00e8tes | Belgische Kamer van Vertalers en Tolken\" \/>\n<meta property=\"article:modified_time\" content=\"2025-04-23T07:38:14+00:00\" \/>\n<meta name=\"twitter:card\" content=\"summary_large_image\" \/>\n<meta name=\"twitter:label1\" content=\"Est. reading time\" \/>\n\t<meta name=\"twitter:data1\" content=\"2 minutes\" \/>\n<script type=\"application\/ld+json\" class=\"yoast-schema-graph\">{\"@context\":\"https:\\\/\\\/schema.org\",\"@graph\":[{\"@type\":\"WebPage\",\"@id\":\"https:\\\/\\\/www.cbti-bkvt.org\\\/nl\\\/lid-worden-van-de-bkvt\\\/lidmaatschapsniveaus\\\/\",\"url\":\"https:\\\/\\\/www.cbti-bkvt.org\\\/nl\\\/lid-worden-van-de-bkvt\\\/lidmaatschapsniveaus\\\/\",\"name\":\"Lidmaatschapsniveaus - Chambre Belge des Traducteurs et Interpr\u00e8tes | Belgische Kamer van Vertalers en Tolken\",\"isPartOf\":{\"@id\":\"https:\\\/\\\/www.cbti-bkvt.org\\\/nl\\\/#website\"},\"datePublished\":\"2022-12-08T13:25:40+00:00\",\"dateModified\":\"2025-04-23T07:38:14+00:00\",\"breadcrumb\":{\"@id\":\"https:\\\/\\\/www.cbti-bkvt.org\\\/nl\\\/lid-worden-van-de-bkvt\\\/lidmaatschapsniveaus\\\/#breadcrumb\"},\"inLanguage\":\"nl-NL\",\"potentialAction\":[{\"@type\":\"ReadAction\",\"target\":[\"https:\\\/\\\/www.cbti-bkvt.org\\\/nl\\\/lid-worden-van-de-bkvt\\\/lidmaatschapsniveaus\\\/\"]}]},{\"@type\":\"BreadcrumbList\",\"@id\":\"https:\\\/\\\/www.cbti-bkvt.org\\\/nl\\\/lid-worden-van-de-bkvt\\\/lidmaatschapsniveaus\\\/#breadcrumb\",\"itemListElement\":[{\"@type\":\"ListItem\",\"position\":1,\"name\":\"Home\",\"item\":\"https:\\\/\\\/www.cbti-bkvt.org\\\/nl\\\/\"},{\"@type\":\"ListItem\",\"position\":2,\"name\":\"Lid worden van de BKVT\",\"item\":\"https:\\\/\\\/www.cbti-bkvt.org\\\/nl\\\/lid-worden-van-de-bkvt\\\/\"},{\"@type\":\"ListItem\",\"position\":3,\"name\":\"Lidmaatschapsniveaus\"}]},{\"@type\":\"WebSite\",\"@id\":\"https:\\\/\\\/www.cbti-bkvt.org\\\/nl\\\/#website\",\"url\":\"https:\\\/\\\/www.cbti-bkvt.org\\\/nl\\\/\",\"name\":\"Chambre Belge des Traducteurs et Interpr\u00e8tes | Belgische Kamer van Vertalers en Tolken\",\"description\":\"M\u00e9tiers de la traduction \u00e9crite, l\u2019interpr\u00e9tation de conf\u00e9rence, la traduction et l\u2019interpr\u00e9tation en milieu judiciaire.\",\"potentialAction\":[{\"@type\":\"SearchAction\",\"target\":{\"@type\":\"EntryPoint\",\"urlTemplate\":\"https:\\\/\\\/www.cbti-bkvt.org\\\/nl\\\/?s={search_term_string}\"},\"query-input\":{\"@type\":\"PropertyValueSpecification\",\"valueRequired\":true,\"valueName\":\"search_term_string\"}}],\"inLanguage\":\"nl-NL\"}]}<\/script>\n<!-- \/ Yoast SEO plugin. -->","yoast_head_json":{"title":"Chambre Belge des Traducteurs et Interpr\u00e8tes | Belgische Kamer van Vertalers en Tolken","robots":{"index":"index","follow":"follow","max-snippet":"max-snippet:-1","max-image-preview":"max-image-preview:large","max-video-preview":"max-video-preview:-1"},"canonical":"https:\/\/www.cbti-bkvt.org\/nl\/lid-worden-van-de-bkvt\/lidmaatschapsniveaus\/","og_locale":"nl_NL","og_type":"article","og_title":"Lidmaatschapsniveaus - Chambre Belge des Traducteurs et Interpr\u00e8tes | Belgische Kamer van Vertalers en Tolken","og_description":"Student-lid Studenten in hun laatste masterjaar (gratis)Gratis na goedkeuring van je bewijsstukken en je dossier. Toegetreden lid Alle taalprofessionals\u20ac 30 dossierkosten en \u20ac 80 voor het 1ste&nbsp;jaar, vervolgens \u20ac 110 per jaar. Effectief lid Net afgestudeerde of ervaren taalprofessionals\u20ac 30 dossierkosten en \u20ac 190 voor het 1ste&nbsp;jaar, vervolgens \u20ac 220 per jaar. Voordelen voor studenten&hellip;&nbsp;Read More &raquo;Lidmaatschapsniveaus","og_url":"https:\/\/www.cbti-bkvt.org\/nl\/lid-worden-van-de-bkvt\/lidmaatschapsniveaus\/","og_site_name":"Chambre Belge des Traducteurs et Interpr\u00e8tes | Belgische Kamer van Vertalers en Tolken","article_modified_time":"2025-04-23T07:38:14+00:00","twitter_card":"summary_large_image","twitter_misc":{"Est. reading time":"2 minutes"},"schema":{"@context":"https:\/\/schema.org","@graph":[{"@type":"WebPage","@id":"https:\/\/www.cbti-bkvt.org\/nl\/lid-worden-van-de-bkvt\/lidmaatschapsniveaus\/","url":"https:\/\/www.cbti-bkvt.org\/nl\/lid-worden-van-de-bkvt\/lidmaatschapsniveaus\/","name":"Lidmaatschapsniveaus - Chambre Belge des Traducteurs et Interpr\u00e8tes | Belgische Kamer van Vertalers en Tolken","isPartOf":{"@id":"https:\/\/www.cbti-bkvt.org\/nl\/#website"},"datePublished":"2022-12-08T13:25:40+00:00","dateModified":"2025-04-23T07:38:14+00:00","breadcrumb":{"@id":"https:\/\/www.cbti-bkvt.org\/nl\/lid-worden-van-de-bkvt\/lidmaatschapsniveaus\/#breadcrumb"},"inLanguage":"nl-NL","potentialAction":[{"@type":"ReadAction","target":["https:\/\/www.cbti-bkvt.org\/nl\/lid-worden-van-de-bkvt\/lidmaatschapsniveaus\/"]}]},{"@type":"BreadcrumbList","@id":"https:\/\/www.cbti-bkvt.org\/nl\/lid-worden-van-de-bkvt\/lidmaatschapsniveaus\/#breadcrumb","itemListElement":[{"@type":"ListItem","position":1,"name":"Home","item":"https:\/\/www.cbti-bkvt.org\/nl\/"},{"@type":"ListItem","position":2,"name":"Lid worden van de BKVT","item":"https:\/\/www.cbti-bkvt.org\/nl\/lid-worden-van-de-bkvt\/"},{"@type":"ListItem","position":3,"name":"Lidmaatschapsniveaus"}]},{"@type":"WebSite","@id":"https:\/\/www.cbti-bkvt.org\/nl\/#website","url":"https:\/\/www.cbti-bkvt.org\/nl\/","name":"Chambre Belge des Traducteurs et Interpr\u00e8tes | Belgische Kamer van Vertalers en Tolken","description":"M\u00e9tiers de la traduction \u00e9crite, l\u2019interpr\u00e9tation de conf\u00e9rence, la traduction et l\u2019interpr\u00e9tation en milieu judiciaire.","potentialAction":[{"@type":"SearchAction","target":{"@type":"EntryPoint","urlTemplate":"https:\/\/www.cbti-bkvt.org\/nl\/?s={search_term_string}"},"query-input":{"@type":"PropertyValueSpecification","valueRequired":true,"valueName":"search_term_string"}}],"inLanguage":"nl-NL"}]}},"_links":{"self":[{"href":"https:\/\/www.cbti-bkvt.org\/nl\/wp-json\/wp\/v2\/pages\/20327","targetHints":{"allow":["GET"]}}],"collection":[{"href":"https:\/\/www.cbti-bkvt.org\/nl\/wp-json\/wp\/v2\/pages"}],"about":[{"href":"https:\/\/www.cbti-bkvt.org\/nl\/wp-json\/wp\/v2\/types\/page"}],"author":[{"embeddable":true,"href":"https:\/\/www.cbti-bkvt.org\/nl\/wp-json\/wp\/v2\/users\/1"}],"replies":[{"embeddable":true,"href":"https:\/\/www.cbti-bkvt.org\/nl\/wp-json\/wp\/v2\/comments?post=20327"}],"version-history":[{"count":2,"href":"https:\/\/www.cbti-bkvt.org\/nl\/wp-json\/wp\/v2\/pages\/20327\/revisions"}],"predecessor-version":[{"id":32457,"href":"https:\/\/www.cbti-bkvt.org\/nl\/wp-json\/wp\/v2\/pages\/20327\/revisions\/32457"}],"up":[{"embeddable":true,"href":"https:\/\/www.cbti-bkvt.org\/nl\/wp-json\/wp\/v2\/pages\/20349"}],"wp:attachment":[{"href":"https:\/\/www.cbti-bkvt.org\/nl\/wp-json\/wp\/v2\/media?parent=20327"}],"curies":[{"name":"wp","href":"https:\/\/api.w.org\/{rel}","templated":true}]}}