{"id":20346,"date":"2022-04-07T14:18:00","date_gmt":"2022-04-07T14:18:00","guid":{"rendered":"https:\/\/www.cbti-bkvt.org\/metiers\/"},"modified":"2024-12-24T08:50:52","modified_gmt":"2024-12-24T08:50:52","slug":"beroepen","status":"publish","type":"page","link":"https:\/\/www.cbti-bkvt.org\/nl\/beroepen\/","title":{"rendered":"Beroepen"},"content":{"rendered":"\n\n\n\n\n\n\n\n\n<div class=\"\n     \n    \n    m-flexible \n    m-flexible--pagesList \n    m-flexible--pagesList--layout--pagesList \n    m-flexible--row m-flexible--row--     \n         \n    \" id=\"js-module-\">\n\n\n\n\n\n    \n    <div class=\"m-flexible--pagesList__child\">\n        <div class=\"m-flexible--pagesList__body\">\n            <div class=\"m-flexible--pagesList__inside\">\n\n                \n            <\/div><!-- \/pagesList pagesList__inside -->\n        <\/div><!-- \/pagesList body -->\n\n\n\n\n\n        \n                \n            <div class=\"m-flexible--pagesListContainer \"> \n\n                <div class=\"m-flexible--pagesListContainer__child row m-txt--s9 justify-content-center\">\n\n\n                            \n                    \n                                        \n                                                \n\n\n    <div class=\"\n    m-flexible--pagesList__item\n    animated \n    fadeInUp \n    animate__delay-1s\n    animate__slower\n    \n    col-12 col-sm-6 col-md-6 col-lg-4    \n    \"><div class=\"m-flexible--pagesList__item__child\">\n\n        <a href=\"https:\/\/www.cbti-bkvt.org\/nl\/beroepen\/conferentievertolking\/\" class=\"m-flexible--pagesList__item__link\" title=\"Conferentievertolking\u00a0\">\n        \n            <div class=\"m-flexible--pagesList__item__img\">\n                <img \n\t   \tsrc=\"https:\/\/www.cbti-bkvt.org\/wp-content\/uploads\/Page-Interpretation-540x360.jpg\" \n\t\tsrcset=\"https:\/\/www.cbti-bkvt.org\/wp-content\/uploads\/Page-Interpretation-540x360.jpg 540w, https:\/\/www.cbti-bkvt.org\/wp-content\/uploads\/Page-Interpretation.jpg 540w, https:\/\/www.cbti-bkvt.org\/wp-content\/uploads\/Page-Interpretation.jpg 540w\" \n\t\tsizes=\"(max-width:540px) 540px\"  \n\t\talt=\"Page Interpr\u00e9tation\"\n\t \/>            <\/div>\n\n            <div class=\"m-flexible--pagesList__item__content\">\n                <div class=\"m-flexible--pagesList__item__content__child\">\n\n                                            <p>Conferentievertolking\u00a0<\/p>\n                    \n                    \n                <\/div><!-- \/pagesList__item__overlay child -->\n            <\/div><!-- \/pagesList__item__overlay -->\n            \n        <\/a><!-- \/pagesList__item__link -->\n    <\/div><!-- \/pagesList__item__child -->\n<\/div><!-- \/pagesList__item -->                            \n                        \n\n\n    <div class=\"\n    m-flexible--pagesList__item\n    animated \n    fadeInUp \n    animate__delay-2s\n    animate__slower\n    \n    col-12 col-sm-6 col-md-6 col-lg-4    \n    \"><div class=\"m-flexible--pagesList__item__child\">\n\n        <a href=\"https:\/\/www.cbti-bkvt.org\/nl\/beroepen\/vertaling\/\" class=\"m-flexible--pagesList__item__link\" title=\"Vertaling\">\n        \n            <div class=\"m-flexible--pagesList__item__img\">\n                <img \n\t   \tsrc=\"https:\/\/www.cbti-bkvt.org\/wp-content\/uploads\/Page-Traduction-540x360.jpg\" \n\t\tsrcset=\"https:\/\/www.cbti-bkvt.org\/wp-content\/uploads\/Page-Traduction-540x360.jpg 540w, https:\/\/www.cbti-bkvt.org\/wp-content\/uploads\/Page-Traduction-1000x666.jpg 540w, https:\/\/www.cbti-bkvt.org\/wp-content\/uploads\/Page-Traduction-2000x1333.jpg 540w\" \n\t\tsizes=\"(max-width:540px) 540px\"  \n\t\talt=\"Page Traduction\"\n\t \/>            <\/div>\n\n            <div class=\"m-flexible--pagesList__item__content\">\n                <div class=\"m-flexible--pagesList__item__content__child\">\n\n                                            <p>Vertaling<\/p>\n                    \n                    \n                <\/div><!-- \/pagesList__item__overlay child -->\n            <\/div><!-- \/pagesList__item__overlay -->\n            \n        <\/a><!-- \/pagesList__item__link -->\n    <\/div><!-- \/pagesList__item__child -->\n<\/div><!-- \/pagesList__item -->                            \n                        \n\n\n    <div class=\"\n    m-flexible--pagesList__item\n    animated \n    fadeInUp \n    animate__delay-3s\n    animate__slower\n    \n    col-12 col-sm-6 col-md-6 col-lg-4    \n    \"><div class=\"m-flexible--pagesList__item__child\">\n\n        <a href=\"https:\/\/www.cbti-bkvt.org\/nl\/beroepen\/beedigd-vertalen-en-tolken\/\" class=\"m-flexible--pagesList__item__link\" title=\"Be\u00ebdigd vertalen en tolken\">\n        \n            <div class=\"m-flexible--pagesList__item__img\">\n                <img \n\t   \tsrc=\"https:\/\/www.cbti-bkvt.org\/wp-content\/uploads\/tingey-injury-law-firm-DZpc4UY8ZtY-unsplash-540x360.jpg\" \n\t\tsrcset=\"https:\/\/www.cbti-bkvt.org\/wp-content\/uploads\/tingey-injury-law-firm-DZpc4UY8ZtY-unsplash-540x360.jpg 540w, https:\/\/www.cbti-bkvt.org\/wp-content\/uploads\/tingey-injury-law-firm-DZpc4UY8ZtY-unsplash-1000x666.jpg 540w, https:\/\/www.cbti-bkvt.org\/wp-content\/uploads\/tingey-injury-law-firm-DZpc4UY8ZtY-unsplash-2000x1333.jpg 540w\" \n\t\tsizes=\"(max-width:540px) 540px\"  \n\t\talt=\"tingey-injury-law-firm-DZpc4UY8ZtY-unsplash\"\n\t \/>            <\/div>\n\n            <div class=\"m-flexible--pagesList__item__content\">\n                <div class=\"m-flexible--pagesList__item__content__child\">\n\n                                            <p>Be\u00ebdigd vertalen en tolken<\/p>\n                    \n                    \n                <\/div><!-- \/pagesList__item__overlay child -->\n            <\/div><!-- \/pagesList__item__overlay -->\n            \n        <\/a><!-- \/pagesList__item__link -->\n    <\/div><!-- \/pagesList__item__child -->\n<\/div><!-- \/pagesList__item -->                            \n                        \n                        \n                                                     \n\n                <\/div><!-- \/pagesListContainer child -->\n\n            <\/div><!-- \/pagesListContainer -->\n\n                \n\n\n\n                \n\n    <\/div><!-- pagesList child -->\n\n<\/div><!-- \/pagesList -->\n","protected":false},"excerpt":{"rendered":"","protected":false},"author":1,"featured_media":0,"parent":0,"menu_order":7,"comment_status":"closed","ping_status":"closed","template":"","meta":{"_acf_changed":false,"pmpro_default_level":"","neve_meta_sidebar":"","neve_meta_container":"","neve_meta_enable_content_width":"","neve_meta_content_width":0,"neve_meta_title_alignment":"","neve_meta_author_avatar":"","neve_post_elements_order":"","neve_meta_disable_header":"","neve_meta_disable_footer":"","neve_meta_disable_title":"","neve_meta_reading_time":"","footnotes":"","_links_to":"","_links_to_target":""},"class_list":["post-20346","page","type-page","status-publish","hentry","pmpro-has-access"],"acf":[],"yoast_head":"<!-- This site is optimized with the Yoast SEO plugin v27.4 - https:\/\/yoast.com\/product\/yoast-seo-wordpress\/ -->\n<title>Chambre Belge des Traducteurs et Interpr\u00e8tes | Belgische Kamer van Vertalers en Tolken<\/title>\n<meta name=\"description\" content=\"Kom bij de Belgische Kamer van Vertalers en Tolken meer te weten over het beroep van vertaler, conferentietolk en be\u00ebdigd vertaler en tolk.\" \/>\n<meta name=\"robots\" content=\"index, follow, max-snippet:-1, max-image-preview:large, max-video-preview:-1\" \/>\n<link rel=\"canonical\" href=\"https:\/\/www.cbti-bkvt.org\/nl\/beroepen\/\" \/>\n<meta property=\"og:locale\" content=\"nl_NL\" \/>\n<meta property=\"og:type\" content=\"article\" \/>\n<meta property=\"og:title\" content=\"Beroepen - Chambre Belge des Traducteurs et Interpr\u00e8tes | Belgische Kamer van Vertalers en Tolken\" \/>\n<meta property=\"og:description\" content=\"Kom bij de Belgische Kamer van Vertalers en Tolken meer te weten over het beroep van vertaler, conferentietolk en be\u00ebdigd vertaler en tolk.\" \/>\n<meta property=\"og:url\" content=\"https:\/\/www.cbti-bkvt.org\/nl\/beroepen\/\" \/>\n<meta property=\"og:site_name\" content=\"Chambre Belge des Traducteurs et Interpr\u00e8tes | Belgische Kamer van Vertalers en Tolken\" \/>\n<meta property=\"article:modified_time\" content=\"2024-12-24T08:50:52+00:00\" \/>\n<meta name=\"twitter:card\" content=\"summary_large_image\" \/>\n<script type=\"application\/ld+json\" class=\"yoast-schema-graph\">{\"@context\":\"https:\\\/\\\/schema.org\",\"@graph\":[{\"@type\":\"WebPage\",\"@id\":\"https:\\\/\\\/www.cbti-bkvt.org\\\/nl\\\/beroepen\\\/\",\"url\":\"https:\\\/\\\/www.cbti-bkvt.org\\\/nl\\\/beroepen\\\/\",\"name\":\"Beroepen - Chambre Belge des Traducteurs et Interpr\u00e8tes | Belgische Kamer van Vertalers en Tolken\",\"isPartOf\":{\"@id\":\"https:\\\/\\\/www.cbti-bkvt.org\\\/nl\\\/#website\"},\"datePublished\":\"2022-04-07T14:18:00+00:00\",\"dateModified\":\"2024-12-24T08:50:52+00:00\",\"description\":\"Kom bij de Belgische Kamer van Vertalers en Tolken meer te weten over het beroep van vertaler, conferentietolk en be\u00ebdigd vertaler en tolk.\",\"breadcrumb\":{\"@id\":\"https:\\\/\\\/www.cbti-bkvt.org\\\/nl\\\/beroepen\\\/#breadcrumb\"},\"inLanguage\":\"nl-NL\",\"potentialAction\":[{\"@type\":\"ReadAction\",\"target\":[\"https:\\\/\\\/www.cbti-bkvt.org\\\/nl\\\/beroepen\\\/\"]}]},{\"@type\":\"BreadcrumbList\",\"@id\":\"https:\\\/\\\/www.cbti-bkvt.org\\\/nl\\\/beroepen\\\/#breadcrumb\",\"itemListElement\":[{\"@type\":\"ListItem\",\"position\":1,\"name\":\"Home\",\"item\":\"https:\\\/\\\/www.cbti-bkvt.org\\\/nl\\\/\"},{\"@type\":\"ListItem\",\"position\":2,\"name\":\"Beroepen\"}]},{\"@type\":\"WebSite\",\"@id\":\"https:\\\/\\\/www.cbti-bkvt.org\\\/nl\\\/#website\",\"url\":\"https:\\\/\\\/www.cbti-bkvt.org\\\/nl\\\/\",\"name\":\"Chambre Belge des Traducteurs et Interpr\u00e8tes | Belgische Kamer van Vertalers en Tolken\",\"description\":\"M\u00e9tiers de la traduction \u00e9crite, l\u2019interpr\u00e9tation de conf\u00e9rence, la traduction et l\u2019interpr\u00e9tation en milieu judiciaire.\",\"potentialAction\":[{\"@type\":\"SearchAction\",\"target\":{\"@type\":\"EntryPoint\",\"urlTemplate\":\"https:\\\/\\\/www.cbti-bkvt.org\\\/nl\\\/?s={search_term_string}\"},\"query-input\":{\"@type\":\"PropertyValueSpecification\",\"valueRequired\":true,\"valueName\":\"search_term_string\"}}],\"inLanguage\":\"nl-NL\"}]}<\/script>\n<!-- \/ Yoast SEO plugin. -->","yoast_head_json":{"title":"Chambre Belge des Traducteurs et Interpr\u00e8tes | Belgische Kamer van Vertalers en Tolken","description":"Kom bij de Belgische Kamer van Vertalers en Tolken meer te weten over het beroep van vertaler, conferentietolk en be\u00ebdigd vertaler en tolk.","robots":{"index":"index","follow":"follow","max-snippet":"max-snippet:-1","max-image-preview":"max-image-preview:large","max-video-preview":"max-video-preview:-1"},"canonical":"https:\/\/www.cbti-bkvt.org\/nl\/beroepen\/","og_locale":"nl_NL","og_type":"article","og_title":"Beroepen - Chambre Belge des Traducteurs et Interpr\u00e8tes | Belgische Kamer van Vertalers en Tolken","og_description":"Kom bij de Belgische Kamer van Vertalers en Tolken meer te weten over het beroep van vertaler, conferentietolk en be\u00ebdigd vertaler en tolk.","og_url":"https:\/\/www.cbti-bkvt.org\/nl\/beroepen\/","og_site_name":"Chambre Belge des Traducteurs et Interpr\u00e8tes | Belgische Kamer van Vertalers en Tolken","article_modified_time":"2024-12-24T08:50:52+00:00","twitter_card":"summary_large_image","schema":{"@context":"https:\/\/schema.org","@graph":[{"@type":"WebPage","@id":"https:\/\/www.cbti-bkvt.org\/nl\/beroepen\/","url":"https:\/\/www.cbti-bkvt.org\/nl\/beroepen\/","name":"Beroepen - Chambre Belge des Traducteurs et Interpr\u00e8tes | Belgische Kamer van Vertalers en Tolken","isPartOf":{"@id":"https:\/\/www.cbti-bkvt.org\/nl\/#website"},"datePublished":"2022-04-07T14:18:00+00:00","dateModified":"2024-12-24T08:50:52+00:00","description":"Kom bij de Belgische Kamer van Vertalers en Tolken meer te weten over het beroep van vertaler, conferentietolk en be\u00ebdigd vertaler en tolk.","breadcrumb":{"@id":"https:\/\/www.cbti-bkvt.org\/nl\/beroepen\/#breadcrumb"},"inLanguage":"nl-NL","potentialAction":[{"@type":"ReadAction","target":["https:\/\/www.cbti-bkvt.org\/nl\/beroepen\/"]}]},{"@type":"BreadcrumbList","@id":"https:\/\/www.cbti-bkvt.org\/nl\/beroepen\/#breadcrumb","itemListElement":[{"@type":"ListItem","position":1,"name":"Home","item":"https:\/\/www.cbti-bkvt.org\/nl\/"},{"@type":"ListItem","position":2,"name":"Beroepen"}]},{"@type":"WebSite","@id":"https:\/\/www.cbti-bkvt.org\/nl\/#website","url":"https:\/\/www.cbti-bkvt.org\/nl\/","name":"Chambre Belge des Traducteurs et Interpr\u00e8tes | Belgische Kamer van Vertalers en Tolken","description":"M\u00e9tiers de la traduction \u00e9crite, l\u2019interpr\u00e9tation de conf\u00e9rence, la traduction et l\u2019interpr\u00e9tation en milieu judiciaire.","potentialAction":[{"@type":"SearchAction","target":{"@type":"EntryPoint","urlTemplate":"https:\/\/www.cbti-bkvt.org\/nl\/?s={search_term_string}"},"query-input":{"@type":"PropertyValueSpecification","valueRequired":true,"valueName":"search_term_string"}}],"inLanguage":"nl-NL"}]}},"_links":{"self":[{"href":"https:\/\/www.cbti-bkvt.org\/nl\/wp-json\/wp\/v2\/pages\/20346","targetHints":{"allow":["GET"]}}],"collection":[{"href":"https:\/\/www.cbti-bkvt.org\/nl\/wp-json\/wp\/v2\/pages"}],"about":[{"href":"https:\/\/www.cbti-bkvt.org\/nl\/wp-json\/wp\/v2\/types\/page"}],"author":[{"embeddable":true,"href":"https:\/\/www.cbti-bkvt.org\/nl\/wp-json\/wp\/v2\/users\/1"}],"replies":[{"embeddable":true,"href":"https:\/\/www.cbti-bkvt.org\/nl\/wp-json\/wp\/v2\/comments?post=20346"}],"version-history":[{"count":2,"href":"https:\/\/www.cbti-bkvt.org\/nl\/wp-json\/wp\/v2\/pages\/20346\/revisions"}],"predecessor-version":[{"id":27656,"href":"https:\/\/www.cbti-bkvt.org\/nl\/wp-json\/wp\/v2\/pages\/20346\/revisions\/27656"}],"wp:attachment":[{"href":"https:\/\/www.cbti-bkvt.org\/nl\/wp-json\/wp\/v2\/media?parent=20346"}],"curies":[{"name":"wp","href":"https:\/\/api.w.org\/{rel}","templated":true}]}}