{"id":20350,"date":"2022-03-10T15:37:27","date_gmt":"2022-03-10T14:37:27","guid":{"rendered":"https:\/\/www.cbti-bkvt.org\/contact\/"},"modified":"2026-04-03T09:52:15","modified_gmt":"2026-04-03T07:52:15","slug":"contact","status":"publish","type":"page","link":"https:\/\/www.cbti-bkvt.org\/nl\/contact\/","title":{"rendered":"Contact"},"content":{"rendered":"\n<div class=\"wp-block-buttons is-content-justification-center is-layout-flex wp-container-core-buttons-is-layout-16018d1d wp-block-buttons-is-layout-flex\">\n<div class=\"wp-block-button is-style-primary\"><a class=\"wp-block-button__link has-neve-link-color-background-color has-background wp-element-button\" href=\"https:\/\/www.cbti-bkvt.org\/nl\/lid-worden-van-de-bkvt\/\" style=\"border-width:20px\">Lid worden van de BKVT<\/a><\/div>\n<\/div>\n\n\n\n<div class=\"wp-block-columns is-layout-flex wp-container-core-columns-is-layout-9d6595d7 wp-block-columns-is-layout-flex\">\n<div class=\"wp-block-column is-layout-flow wp-block-column-is-layout-flow\" style=\"flex-basis:66.66%\">\n<h2 class=\"wp-block-heading\"><span class=\"ez-toc-section\" id=\"Neem_contact_met_ons_op\"><\/span>Neem contact met ons op<span class=\"ez-toc-section-end\"><\/span><\/h2>\n\n\n\n<div class=\"wpcf7 no-js\" id=\"wpcf7-f27817-o1\" lang=\"fr-FR\" dir=\"ltr\" data-wpcf7-id=\"27817\">\n<div class=\"screen-reader-response\"><p role=\"status\" aria-live=\"polite\" aria-atomic=\"true\"><\/p> <ul><\/ul><\/div>\n<form action=\"\/nl\/wp-json\/wp\/v2\/pages\/20350#wpcf7-f27817-o1\" method=\"post\" class=\"wpcf7-form init\" aria-label=\"Contact form\" novalidate=\"novalidate\" data-status=\"init\">\n<fieldset class=\"hidden-fields-container\"><input type=\"hidden\" name=\"_wpcf7\" value=\"27817\" \/><input type=\"hidden\" name=\"_wpcf7_version\" value=\"6.1.5\" \/><input type=\"hidden\" name=\"_wpcf7_locale\" value=\"fr_FR\" \/><input type=\"hidden\" name=\"_wpcf7_unit_tag\" value=\"wpcf7-f27817-o1\" \/><input type=\"hidden\" name=\"_wpcf7_container_post\" value=\"0\" \/><input type=\"hidden\" name=\"_wpcf7_posted_data_hash\" value=\"\" \/><input type=\"hidden\" name=\"_wpcf7_recaptcha_response\" value=\"\" \/>\n<\/fieldset>\n<p><label> Je naam<br \/>\n<span class=\"wpcf7-form-control-wrap\" data-name=\"your-name\"><input size=\"40\" maxlength=\"400\" class=\"wpcf7-form-control wpcf7-text wpcf7-validates-as-required\" autocomplete=\"name\" aria-required=\"true\" aria-invalid=\"false\" value=\"\" type=\"text\" name=\"your-name\" \/><\/span> <\/label>\n<\/p>\n<p><label> Je e-mail<br \/>\n<span class=\"wpcf7-form-control-wrap\" data-name=\"your-email\"><input size=\"40\" maxlength=\"400\" class=\"wpcf7-form-control wpcf7-email wpcf7-validates-as-required wpcf7-text wpcf7-validates-as-email\" autocomplete=\"email\" aria-required=\"true\" aria-invalid=\"false\" value=\"\" type=\"email\" name=\"your-email\" \/><\/span> <\/label>\n<\/p>\n<p><label>Onderwerp van je vraag of opmerking ...<br \/>\n<span class=\"wpcf7-form-control-wrap\" data-name=\"contactreason\"><select class=\"wpcf7-form-control wpcf7-select wpcf7-validates-as-required\" aria-required=\"true\" aria-invalid=\"false\" name=\"contactreason\"><option value=\"De BKVT in het algemeen\">De BKVT in het algemeen<\/option><option value=\"Je toelating\/aansluiting\">Je toelating\/aansluiting<\/option><option value=\"Werken als vertaler\">Werken als vertaler<\/option><option value=\"Werken als conferentietolk\">Werken als conferentietolk<\/option><option value=\"Werken als be\u00ebdigd vertaler\/tolk\">Werken als be\u00ebdigd vertaler\/tolk<\/option><option value=\"Ons verzekeringsaanbod\">Ons verzekeringsaanbod<\/option><option value=\"Ons opleidingsaanbod\">Ons opleidingsaanbod<\/option><option value=\"Ons tijdschrift \u2018De Taalkundige\u2019\">Ons tijdschrift \u2018De Taalkundige\u2019<\/option><option value=\"Onze juridische dienst\">Onze juridische dienst<\/option><option value=\"Deze website\">Deze website<\/option><\/select><\/span><br \/>\n<\/label>\n<\/p>\n<p><label> Je bericht<br \/>\n<span class=\"wpcf7-form-control-wrap\" data-name=\"your-message\"><textarea cols=\"40\" rows=\"10\" maxlength=\"2000\" class=\"wpcf7-form-control wpcf7-textarea\" aria-invalid=\"false\" name=\"your-message\"><\/textarea><\/span> <\/label>\n<\/p>\n<p><span class=\"wpcf7-form-control-wrap\" data-name=\"acceptance-769\"><span class=\"wpcf7-form-control wpcf7-acceptance\"><span class=\"wpcf7-list-item\"><label><input type=\"checkbox\" name=\"acceptance-769\" value=\"1\" aria-invalid=\"false\" \/><span class=\"wpcf7-list-item-label\">In overeenstemming met de GDPR heb je recht op toegang tot je persoonsgegevens en kun je deze laten corrigeren via onze pagina <a href=\"https:\/\/www.cbti-bkvt.org\/nl\/politique-de-confidentialite\/\">Privacybeleid<\/a>.<\/span><\/label><\/span><\/span><\/span>\n<\/p>\n<p><input class=\"wpcf7-form-control wpcf7-submit has-spinner\" type=\"submit\" value=\"Verzenden\" \/>\n<\/p><div class=\"wpcf7-response-output\" aria-hidden=\"true\"><\/div>\n<\/form>\n<\/div>\n\n<\/div>\n\n\n\n<div class=\"wp-block-column m-boxHiglight is-layout-flow wp-block-column-is-layout-flow\" style=\"flex-basis:33.33%\">\n<p><strong>BKVT<\/strong><br>Keizerslaan 10, <br>1000 Brussel<br>+32 2 513 09 15<br><a href=\"mailto:info@cbti-bkvt.org\">info@cbti-bkvt.org<\/a><\/p>\n\n\n\n<p><strong>Openingstijden:<\/strong><br>maandag, dinsdag en donderdag<br>9.30-16.30 u.<br>woensdag<br>9.30-13.00 u.<\/p>\n<\/div>\n<\/div>\n\n\n\n<h2 class=\"wp-block-heading\"><span class=\"ez-toc-section\" id=\"Bestuursorgaan_boardcbti-bkvtorg\"><\/span>Bestuursorgaan (<a href=\"mailto:board@cbti-bkvt.org\">board@cbti-bkvt.org<\/a>)<span class=\"ez-toc-section-end\"><\/span><\/h2>\n\n\n\n<figure class=\"wp-block-table is-style-stripes\"><table><tbody><tr><td>Voorzitter<\/td><td>Max De Brouwer<\/td><td><a href=\"mailto:president@cbti-bkvt.org\">president@cbti-bkvt.org<\/a><\/td><\/tr><tr><td>Vicevoorzitter (NL)<\/td><td>Arjan Kwakkenbos<\/td><td><a href=\"mailto:vicevoorzitter@cbtip-bkvt.org\">vicevoorzitter@cbti-bkvt.org<\/a><\/td><\/tr><tr><td>Vice-pr\u00e9sidente (FR)<\/td><td>Jenny Vanmaldeghem<\/td><td><a href=\"mailto:vice-president.e@cbti-bkvt.org\">vice-president.e@cbti-bkvt.org<\/a><\/td><\/tr><tr><td>Secretaris-generaal<\/td><td>Patrick Rondou<\/td><td><a href=\"mailto:secgen@cbti-bkvt.org\">secgen@cbti-bkvt.org<\/a><\/td><\/tr><tr><td>Bestuurster<\/td><td>Caroline Coppens<\/td><td><a href=\"mailto:caroline.coppens@cbti-bkvt.org\">caroline.coppens@cbti-bkvt.org<\/a><\/td><\/tr><tr><td>Bestuurster<\/td><td>Isabelle Collard<\/td><td><a href=\"mailto:isabelle.collard@cbti-bkvt.org\">isabelle.collard@cbti-bkvt.org<\/a><\/td><\/tr><tr><td>Bestuurder<\/td><td>Francis Auquier<\/td><td><a href=\"mailto:francis.auquier@cbti-bkvt.org\">francis.auquier@cbti-bkvt.org<\/a><\/td><\/tr><tr><td>Bestuurder<\/td><td>Siddhartha De Rycke<\/td><td><a href=\"mailto:arjan.kwakkenbos@cbti-bkvt.org\">siddhartha.derycke@cbti-bkvt.org<\/a><\/td><\/tr><\/tbody><\/table><\/figure>\n\n\n\n<h2 class=\"wp-block-heading\"><span class=\"ez-toc-section\" id=\"Sectorcommissies\"><\/span>Sectorcommissies<span class=\"ez-toc-section-end\"><\/span><\/h2>\n\n\n\n<figure class=\"wp-block-table is-style-stripes\"><table class=\"has-fixed-layout\"><tbody><tr><td>Translatio (vertalen)<\/td><td class=\"has-text-align-left\" data-align=\"left\"><a href=\"mailto:translatio@cbti-bkvt.org\">translatio@cbti-bkvt.org<\/a><\/td><\/tr><tr><td>Forum (conferentietolken)<\/td><td class=\"has-text-align-left\" data-align=\"left\"><a href=\"mailto:forum@cbti-bkvt.org\">forum@cbti-bkvt.org<\/a><\/td><\/tr><tr><td>AudioVerba (audiovisueel vertalen en tolken)<\/td><td class=\"has-text-align-left\" data-align=\"left\"><a href=\"mailto:audioverba@cbti-bkvt.org\">audioverba@cbti-bkvt.org<\/a><\/td><\/tr><tr><td>LinguaJuris (be\u00ebdigd vertalen en tolken)<\/td><td class=\"has-text-align-left\" data-align=\"left\"><a href=\"mailto:linguajuris@cbti-bkvt.org\">linguajuris@cbti-bkvt.org<\/a><\/td><\/tr><\/tbody><\/table><\/figure>\n\n\n\n<h2 class=\"wp-block-heading\"><span class=\"ez-toc-section\" id=\"Technische_commissies\"><\/span>Technische commissies<span class=\"ez-toc-section-end\"><\/span><\/h2>\n\n\n\n<figure class=\"wp-block-table is-style-stripes\"><table class=\"has-fixed-layout\"><tbody><tr><td>Toelatingen<\/td><td><a href=\"mailto:admissions@cbti-bkvt.org\">admissions@cbti-bkvt.org<\/a><\/td><\/tr><tr><td>Opleidingen<\/td><td><a href=\"mailto:trainings@cbti-bkvt.org\">trainings@cbti-bkvt.org<\/a><\/td><\/tr><tr><td>Artifici\u00eble intelligentie<\/td><td><a href=\"mailto:ia@cbti-bkvt.org\">ia@cbti-bkvt.org<\/a><\/td><\/tr><tr><td>Prijs voor de beste masterproef<\/td><td><a href=\"mailto:award@cbti-bkvt.org\">award@cbti-bkvt.org<\/a><\/td><\/tr><tr><td>Publicaties<\/td><td><a href=\"mailto:taalkundige@cbti-bkvt.org\">taalkundige@cbti-bkvt.org<\/a><\/td><\/tr><tr><td>Universiteiten<\/td><td><a href=\"mailto:universiteiten@cbti-bkvt.org\">universiteiten@cbti-bkvt.org<\/a><\/td><\/tr><\/tbody><\/table><\/figure>\n\n\n\n<h2 class=\"wp-block-heading\"><span class=\"ez-toc-section\" id=\"Diensten\"><\/span>Diensten<span class=\"ez-toc-section-end\"><\/span><\/h2>\n\n\n\n<figure class=\"wp-block-table is-style-stripes\"><table class=\"has-fixed-layout\"><tbody><tr><td>Verzekeringen<\/td><td><a href=\"mailto:insurance@cbti-bkvt.org\">insurance@cbti-bkvt.org<\/a><\/td><\/tr><tr><td>Communicatie<\/td><td><a href=\"mailto:communications@cbti-bkvt.org\">communications@cbti-bkvt.org<\/a><\/td><\/tr><tr><td>Evenementen<\/td><td><a href=\"mailto:event@cbti-bkvt.org\">event@cbti-bkvt.org<\/a><\/td><\/tr><tr><td>Dagelijks bestuur<\/td><td><a href=\"mailto:secgen@cbti-bkvt.org\">secgen@cbti-bkvt.org<\/a><\/td><\/tr><tr><td>Vertalerspool<\/td><td><a href=\"mailto:pool@cbti-bkvt.org\">pool@cbti-bkvt.org<\/a><\/td><\/tr><tr><td>Jaarverslag<\/td><td><a href=\"mailto:jaarverslag@cbti-bkvt.org\">jaarverslag@cbti-bkvt.org<\/a><\/td><\/tr><tr><td>Juridische dienst<\/td><td><a href=\"mailto:legal@cbti-bkvt.org\">legal@cbti-bkvt.org<\/a><\/td><\/tr><tr><td>Technische dienst &amp; digitalisering<\/td><td><a href=\"mailto:webmaster@cbti-bkvt.org\">webmaster@cbti-bkvt.org<\/a><\/td><\/tr><\/tbody><\/table><\/figure>\n\n\n\n<h2 class=\"wp-block-heading\"><span class=\"ez-toc-section\" id=\"Netwerken\"><\/span>Netwerken<span class=\"ez-toc-section-end\"><\/span><\/h2>\n\n\n\n<figure class=\"wp-block-table is-style-stripes\"><table class=\"has-fixed-layout\"><tbody><tr><td>Bremer Runde<\/td><td><a href=\"mailto:bremer-runde@cbti-bkvt.org\">bremer-runde@cbti-bkvt.org<\/a><\/td><\/tr><tr><td>Engels-Frans netwerk<\/td><td><a href=\"mailto:frenchnet@cbti-bkvt.org\">raf@cbti-bkvt.org<\/a><\/td><\/tr><tr><td>Frans-Duits netwerk<\/td><td><a href=\"mailto:rfa@cbti-bkvt.org\">rfa@cbti-bkvt.org<\/a><\/td><\/tr><tr><td>Frans-Spaans netwerk<\/td><td><a href=\"mailto:rfe@cbti-bkvt.org\">rfe@cbti-bkvt.org<\/a><\/td><\/tr><\/tbody><\/table><\/figure>\n\n\n\n<h2 class=\"wp-block-heading\"><span class=\"ez-toc-section\" id=\"Commissies\"><\/span>Commissies<span class=\"ez-toc-section-end\"><\/span><\/h2>\n\n\n\n<figure class=\"wp-block-table is-style-stripes\"><table class=\"has-fixed-layout\"><tbody><tr><td>Arbitragecommissie<\/td><td><a href=\"mailto:auditing-committee@cbti-bkvt.org\">auditing-committee@cbti-bkvt.org<\/a><\/td><\/tr><tr><td>Tuchtraad<\/td><td><a href=\"mailto:disciplinary-board@cbti-bkvt.org\">disciplinary-board@cbti-bkvt.org<\/a><\/td><\/tr><\/tbody><\/table><\/figure>\n\n\n\n<h2 class=\"wp-block-heading\"><span class=\"ez-toc-section\" id=\"Overkoepelende_verenigingen\"><\/span>Overkoepelende verenigingen<span class=\"ez-toc-section-end\"><\/span><\/h2>\n\n\n\n<figure class=\"wp-block-table is-style-stripes\"><table class=\"has-fixed-layout\"><tbody><tr><td>FIT<\/td><td><a href=\"mailto:fit@cbti-bkvt.org\">fit@cbti-bkvt.org<\/a><\/td><\/tr><tr><td>EULITA<\/td><td><a href=\"mailto:eulita@cbti-bkvt.org\">eulita@cbti-bkvt.org<\/a><\/td><\/tr><tr><td>HRZKMO<\/td><td><a href=\"mailto:csipme@cbti-bkvt.org\">hrzkmo@cbti-bkvt.org<\/a><\/td><\/tr><tr><td>FVB<\/td><td><a href=\"mailto:fvb@cbti-bkvt.org\">fvb@cbti-bkvt.org<\/a><\/td><\/tr><tr><td>UNPLIB<\/td><td><a href=\"mailto:unplib@cbti-bkvt.org\">unplib@cbti-bkvt.org<\/a><\/td><\/tr><\/tbody><\/table><\/figure>\n\n\n\n<h2 class=\"wp-block-heading\"><span class=\"ez-toc-section\" id=\"Andere_functies\"><\/span>Andere functies<span class=\"ez-toc-section-end\"><\/span><\/h2>\n\n\n\n<figure class=\"wp-block-table is-style-stripes\"><table class=\"has-fixed-layout\"><tbody><tr><td>Penningmeester<\/td><td><a href=\"mailto:accounts@cbti-bkvt.org\">accounts@cbti-bkvt.org<\/a><\/td><\/tr><tr><td>Secretariaat<\/td><td><a href=\"mailto:secretariaat@cbti-bkvt.org\">secretariaat@cbti-bkvt.org<\/a><\/td><\/tr><tr><td>Webmaster<\/td><td><a href=\"mailto:webmaster@cbti-bkvt.org\">webmaster@cbti-bkvt.org<\/a><\/td><\/tr><\/tbody><\/table><\/figure>\n","protected":false},"excerpt":{"rendered":"<p>Neem contact met ons op BKVTKeizerslaan 10, 1000 Brussel+32 2 513 09 15info@cbti-bkvt.org Openingstijden:maandag, dinsdag en donderdag9.30-16.30 u.woensdag9.30-13.00 u. Bestuursorgaan (board@cbti-bkvt.org) Voorzitter Max De Brouwer president@cbti-bkvt.org Vicevoorzitter (NL) Arjan Kwakkenbos vicevoorzitter@cbti-bkvt.org Vice-pr\u00e9sidente (FR) Jenny Vanmaldeghem vice-president.e@cbti-bkvt.org Secretaris-generaal Patrick Rondou secgen@cbti-bkvt.org Bestuurster Caroline Coppens caroline.coppens@cbti-bkvt.org Bestuurster Isabelle Collard isabelle.collard@cbti-bkvt.org Bestuurder Francis Auquier francis.auquier@cbti-bkvt.org Bestuurder Siddhartha De&hellip;&nbsp;<a href=\"https:\/\/www.cbti-bkvt.org\/nl\/contact\/\" rel=\"bookmark\">Read More &raquo;<span class=\"screen-reader-text\">Contact<\/span><\/a><\/p>\n","protected":false},"author":1,"featured_media":31155,"parent":0,"menu_order":8,"comment_status":"closed","ping_status":"closed","template":"page-noSidebar.php","meta":{"_acf_changed":false,"pmpro_default_level":"","neve_meta_sidebar":"default","neve_meta_container":"contained","neve_meta_enable_content_width":"on","neve_meta_content_width":71,"neve_meta_title_alignment":"","neve_meta_author_avatar":"","neve_post_elements_order":"","neve_meta_disable_header":"","neve_meta_disable_footer":"","neve_meta_disable_title":"","neve_meta_reading_time":"","footnotes":"","_links_to":"","_links_to_target":""},"class_list":["post-20350","page","type-page","status-publish","has-post-thumbnail","hentry","pmpro-has-access"],"acf":[],"yoast_head":"<!-- This site is optimized with the Yoast SEO plugin v27.3 - https:\/\/yoast.com\/product\/yoast-seo-wordpress\/ -->\n<title>Chambre Belge des Traducteurs et Interpr\u00e8tes | Belgische Kamer van Vertalers en Tolken<\/title>\n<meta name=\"description\" content=\"Een vraag? Neem contact op met de Belgische Kamer van Vertalers en Tolken of een van haar diensten of commissies.\" \/>\n<meta name=\"robots\" content=\"index, follow, max-snippet:-1, max-image-preview:large, max-video-preview:-1\" \/>\n<link rel=\"canonical\" href=\"https:\/\/www.cbti-bkvt.org\/nl\/contact\/\" \/>\n<meta property=\"og:locale\" content=\"nl_NL\" \/>\n<meta property=\"og:type\" content=\"article\" \/>\n<meta property=\"og:title\" content=\"Contact - Chambre Belge des Traducteurs et Interpr\u00e8tes | Belgische Kamer van Vertalers en Tolken\" \/>\n<meta property=\"og:description\" content=\"Een vraag? Neem contact op met de Belgische Kamer van Vertalers en Tolken of een van haar diensten of commissies.\" \/>\n<meta property=\"og:url\" content=\"https:\/\/www.cbti-bkvt.org\/nl\/contact\/\" \/>\n<meta property=\"og:site_name\" content=\"Chambre Belge des Traducteurs et Interpr\u00e8tes | Belgische Kamer van Vertalers en Tolken\" \/>\n<meta property=\"article:modified_time\" content=\"2026-04-03T07:52:15+00:00\" \/>\n<meta property=\"og:image\" content=\"https:\/\/www.cbti-bkvt.org\/wp-content\/uploads\/Page-Contact-1024x683.jpg\" \/>\n\t<meta property=\"og:image:width\" content=\"1024\" \/>\n\t<meta property=\"og:image:height\" content=\"683\" \/>\n\t<meta property=\"og:image:type\" content=\"image\/jpeg\" \/>\n<meta name=\"twitter:card\" content=\"summary_large_image\" \/>\n<meta name=\"twitter:label1\" content=\"Est. reading time\" \/>\n\t<meta name=\"twitter:data1\" content=\"2 minutes\" \/>\n<script type=\"application\/ld+json\" class=\"yoast-schema-graph\">{\"@context\":\"https:\\\/\\\/schema.org\",\"@graph\":[{\"@type\":\"WebPage\",\"@id\":\"https:\\\/\\\/www.cbti-bkvt.org\\\/nl\\\/contact\\\/\",\"url\":\"https:\\\/\\\/www.cbti-bkvt.org\\\/nl\\\/contact\\\/\",\"name\":\"Contact - Chambre Belge des Traducteurs et Interpr\u00e8tes | Belgische Kamer van Vertalers en Tolken\",\"isPartOf\":{\"@id\":\"https:\\\/\\\/www.cbti-bkvt.org\\\/nl\\\/#website\"},\"primaryImageOfPage\":{\"@id\":\"https:\\\/\\\/www.cbti-bkvt.org\\\/nl\\\/contact\\\/#primaryimage\"},\"image\":{\"@id\":\"https:\\\/\\\/www.cbti-bkvt.org\\\/nl\\\/contact\\\/#primaryimage\"},\"thumbnailUrl\":\"https:\\\/\\\/www.cbti-bkvt.org\\\/wp-content\\\/uploads\\\/Page-Contact.jpg\",\"datePublished\":\"2022-03-10T14:37:27+00:00\",\"dateModified\":\"2026-04-03T07:52:15+00:00\",\"description\":\"Een vraag? Neem contact op met de Belgische Kamer van Vertalers en Tolken of een van haar diensten of commissies.\",\"breadcrumb\":{\"@id\":\"https:\\\/\\\/www.cbti-bkvt.org\\\/nl\\\/contact\\\/#breadcrumb\"},\"inLanguage\":\"nl-NL\",\"potentialAction\":[{\"@type\":\"ReadAction\",\"target\":[\"https:\\\/\\\/www.cbti-bkvt.org\\\/nl\\\/contact\\\/\"]}]},{\"@type\":\"ImageObject\",\"inLanguage\":\"nl-NL\",\"@id\":\"https:\\\/\\\/www.cbti-bkvt.org\\\/nl\\\/contact\\\/#primaryimage\",\"url\":\"https:\\\/\\\/www.cbti-bkvt.org\\\/wp-content\\\/uploads\\\/Page-Contact.jpg\",\"contentUrl\":\"https:\\\/\\\/www.cbti-bkvt.org\\\/wp-content\\\/uploads\\\/Page-Contact.jpg\",\"width\":5184,\"height\":3456},{\"@type\":\"BreadcrumbList\",\"@id\":\"https:\\\/\\\/www.cbti-bkvt.org\\\/nl\\\/contact\\\/#breadcrumb\",\"itemListElement\":[{\"@type\":\"ListItem\",\"position\":1,\"name\":\"Home\",\"item\":\"https:\\\/\\\/www.cbti-bkvt.org\\\/nl\\\/\"},{\"@type\":\"ListItem\",\"position\":2,\"name\":\"Contact\"}]},{\"@type\":\"WebSite\",\"@id\":\"https:\\\/\\\/www.cbti-bkvt.org\\\/nl\\\/#website\",\"url\":\"https:\\\/\\\/www.cbti-bkvt.org\\\/nl\\\/\",\"name\":\"Chambre Belge des Traducteurs et Interpr\u00e8tes | Belgische Kamer van Vertalers en Tolken\",\"description\":\"M\u00e9tiers de la traduction \u00e9crite, l\u2019interpr\u00e9tation de conf\u00e9rence, la traduction et l\u2019interpr\u00e9tation en milieu judiciaire.\",\"potentialAction\":[{\"@type\":\"SearchAction\",\"target\":{\"@type\":\"EntryPoint\",\"urlTemplate\":\"https:\\\/\\\/www.cbti-bkvt.org\\\/nl\\\/?s={search_term_string}\"},\"query-input\":{\"@type\":\"PropertyValueSpecification\",\"valueRequired\":true,\"valueName\":\"search_term_string\"}}],\"inLanguage\":\"nl-NL\"}]}<\/script>\n<!-- \/ Yoast SEO plugin. -->","yoast_head_json":{"title":"Chambre Belge des Traducteurs et Interpr\u00e8tes | Belgische Kamer van Vertalers en Tolken","description":"Een vraag? Neem contact op met de Belgische Kamer van Vertalers en Tolken of een van haar diensten of commissies.","robots":{"index":"index","follow":"follow","max-snippet":"max-snippet:-1","max-image-preview":"max-image-preview:large","max-video-preview":"max-video-preview:-1"},"canonical":"https:\/\/www.cbti-bkvt.org\/nl\/contact\/","og_locale":"nl_NL","og_type":"article","og_title":"Contact - Chambre Belge des Traducteurs et Interpr\u00e8tes | Belgische Kamer van Vertalers en Tolken","og_description":"Een vraag? Neem contact op met de Belgische Kamer van Vertalers en Tolken of een van haar diensten of commissies.","og_url":"https:\/\/www.cbti-bkvt.org\/nl\/contact\/","og_site_name":"Chambre Belge des Traducteurs et Interpr\u00e8tes | Belgische Kamer van Vertalers en Tolken","article_modified_time":"2026-04-03T07:52:15+00:00","og_image":[{"width":1024,"height":683,"url":"https:\/\/www.cbti-bkvt.org\/wp-content\/uploads\/Page-Contact-1024x683.jpg","type":"image\/jpeg"}],"twitter_card":"summary_large_image","twitter_misc":{"Est. reading time":"2 minutes"},"schema":{"@context":"https:\/\/schema.org","@graph":[{"@type":"WebPage","@id":"https:\/\/www.cbti-bkvt.org\/nl\/contact\/","url":"https:\/\/www.cbti-bkvt.org\/nl\/contact\/","name":"Contact - Chambre Belge des Traducteurs et Interpr\u00e8tes | Belgische Kamer van Vertalers en Tolken","isPartOf":{"@id":"https:\/\/www.cbti-bkvt.org\/nl\/#website"},"primaryImageOfPage":{"@id":"https:\/\/www.cbti-bkvt.org\/nl\/contact\/#primaryimage"},"image":{"@id":"https:\/\/www.cbti-bkvt.org\/nl\/contact\/#primaryimage"},"thumbnailUrl":"https:\/\/www.cbti-bkvt.org\/wp-content\/uploads\/Page-Contact.jpg","datePublished":"2022-03-10T14:37:27+00:00","dateModified":"2026-04-03T07:52:15+00:00","description":"Een vraag? Neem contact op met de Belgische Kamer van Vertalers en Tolken of een van haar diensten of commissies.","breadcrumb":{"@id":"https:\/\/www.cbti-bkvt.org\/nl\/contact\/#breadcrumb"},"inLanguage":"nl-NL","potentialAction":[{"@type":"ReadAction","target":["https:\/\/www.cbti-bkvt.org\/nl\/contact\/"]}]},{"@type":"ImageObject","inLanguage":"nl-NL","@id":"https:\/\/www.cbti-bkvt.org\/nl\/contact\/#primaryimage","url":"https:\/\/www.cbti-bkvt.org\/wp-content\/uploads\/Page-Contact.jpg","contentUrl":"https:\/\/www.cbti-bkvt.org\/wp-content\/uploads\/Page-Contact.jpg","width":5184,"height":3456},{"@type":"BreadcrumbList","@id":"https:\/\/www.cbti-bkvt.org\/nl\/contact\/#breadcrumb","itemListElement":[{"@type":"ListItem","position":1,"name":"Home","item":"https:\/\/www.cbti-bkvt.org\/nl\/"},{"@type":"ListItem","position":2,"name":"Contact"}]},{"@type":"WebSite","@id":"https:\/\/www.cbti-bkvt.org\/nl\/#website","url":"https:\/\/www.cbti-bkvt.org\/nl\/","name":"Chambre Belge des Traducteurs et Interpr\u00e8tes | Belgische Kamer van Vertalers en Tolken","description":"M\u00e9tiers de la traduction \u00e9crite, l\u2019interpr\u00e9tation de conf\u00e9rence, la traduction et l\u2019interpr\u00e9tation en milieu judiciaire.","potentialAction":[{"@type":"SearchAction","target":{"@type":"EntryPoint","urlTemplate":"https:\/\/www.cbti-bkvt.org\/nl\/?s={search_term_string}"},"query-input":{"@type":"PropertyValueSpecification","valueRequired":true,"valueName":"search_term_string"}}],"inLanguage":"nl-NL"}]}},"_links":{"self":[{"href":"https:\/\/www.cbti-bkvt.org\/nl\/wp-json\/wp\/v2\/pages\/20350","targetHints":{"allow":["GET"]}}],"collection":[{"href":"https:\/\/www.cbti-bkvt.org\/nl\/wp-json\/wp\/v2\/pages"}],"about":[{"href":"https:\/\/www.cbti-bkvt.org\/nl\/wp-json\/wp\/v2\/types\/page"}],"author":[{"embeddable":true,"href":"https:\/\/www.cbti-bkvt.org\/nl\/wp-json\/wp\/v2\/users\/1"}],"replies":[{"embeddable":true,"href":"https:\/\/www.cbti-bkvt.org\/nl\/wp-json\/wp\/v2\/comments?post=20350"}],"version-history":[{"count":1,"href":"https:\/\/www.cbti-bkvt.org\/nl\/wp-json\/wp\/v2\/pages\/20350\/revisions"}],"predecessor-version":[{"id":35334,"href":"https:\/\/www.cbti-bkvt.org\/nl\/wp-json\/wp\/v2\/pages\/20350\/revisions\/35334"}],"wp:featuredmedia":[{"embeddable":true,"href":"https:\/\/www.cbti-bkvt.org\/nl\/wp-json\/wp\/v2\/media\/31155"}],"wp:attachment":[{"href":"https:\/\/www.cbti-bkvt.org\/nl\/wp-json\/wp\/v2\/media?parent=20350"}],"curies":[{"name":"wp","href":"https:\/\/api.w.org\/{rel}","templated":true}]}}